{"id":1338,"date":"2023-07-28T08:33:26","date_gmt":"2023-07-28T08:33:26","guid":{"rendered":"https:\/\/my.qnproducts.digital\/home\/"},"modified":"2024-07-16T02:17:54","modified_gmt":"2024-07-16T02:17:54","slug":"home","status":"publish","type":"page","link":"https:\/\/my.qnproducts.digital\/vi\/","title":{"rendered":"Home"},"content":{"rendered":"<p>[et_pb_section fb_built=&#8221;1&#8243; custom_padding_last_edited=&#8221;on|phone&#8221; module_class=&#8221;qi-categories-section&#8221; _builder_version=&#8221;4.21.0&#8243; _module_preset=&#8221;default&#8221; background_color=&#8221;RGBA(255,255,255,0)&#8221; custom_padding=&#8221;||23%||false|false&#8221; custom_padding_tablet=&#8221;0px||3%||false|false&#8221; custom_padding_phone=&#8221;||3%||false|false&#8221; global_colors_info=&#8221;{}&#8221;][et_pb_row _builder_version=&#8221;4.21.0&#8243; _module_preset=&#8221;default&#8221; custom_padding=&#8221;0px||0px||true|false&#8221; global_colors_info=&#8221;{}&#8221;][et_pb_column type=&#8221;4_4&#8243; _builder_version=&#8221;4.21.0&#8243; _module_preset=&#8221;default&#8221; global_colors_info=&#8221;{}&#8221;][et_pb_text _builder_version=&#8221;4.22.1&#8243; _module_preset=&#8221;default&#8221; header_2_font=&#8221;|||on|||||&#8221; header_2_font_size=&#8221;24px&#8221; background_layout=&#8221;dark&#8221; hover_enabled=&#8221;0&#8243; global_colors_info=&#8221;{}&#8221; sticky_enabled=&#8221;0&#8243;]<\/p>\n<h2>CH\u1eccN DANH M\u1ee4C<\/h2>\n<p>[\/et_pb_text][\/et_pb_column][\/et_pb_row][et_pb_row column_structure=&#8221;1_4,1_4,1_4,1_4&#8243; use_custom_gutter=&#8221;on&#8221; custom_padding_last_edited=&#8221;off|desktop&#8221; module_class=&#8221;qi-categories-row&#8221; _builder_version=&#8221;4.21.0&#8243; _module_preset=&#8221;default&#8221; custom_padding=&#8221;||0px||false|false&#8221; custom_padding_tablet=&#8221;0px||0px||false|false&#8221; custom_padding_phone=&#8221;0px||0px||false|false&#8221; global_colors_info=&#8221;{}&#8221;][et_pb_column type=&#8221;1_4&#8243; _builder_version=&#8221;4.21.0&#8243; _module_preset=&#8221;default&#8221; global_colors_info=&#8221;{}&#8221;][et_pb_blurb url=&#8221;https:\/\/my.qnproducts.digital\/vi\/wellness\/&#8221; module_class=&#8221;qi-categories-row-item&#8221; _builder_version=&#8221;4.22.1&#8243; _module_preset=&#8221;default&#8221; body_font=&#8221;|700|||||||&#8221; body_font_size=&#8221;18px&#8221; body_line_height=&#8221;1.1em&#8221; body_link_text_color=&#8221;#FFFFFF&#8221; background_image=&#8221;https:\/\/my.qnproducts.digital\/wp-content\/uploads\/2023\/07\/Categories-Card-1.png&#8221; background_position=&#8221;center_right&#8221; background_layout=&#8221;dark&#8221; custom_padding=&#8221;|20px||20px|false|true&#8221; link_option_url=&#8221;https:\/\/my.qnproducts.digital\/vi\/wellness\/&#8221; hover_enabled=&#8221;0&#8243; border_radii=&#8221;on|16px|16px|16px|16px&#8221; global_colors_info=&#8221;{}&#8221; sticky_enabled=&#8221;0&#8243;]<\/p>\n<p><a href=\"https:\/\/my.qnproducts.digital\/vi\/wellness\/\">Th\u1ec3 ch\u1ea5t &amp; Tinh th\u1ea7n to\u00e0n di\u1ec7n<\/a><\/p>\n<p>[\/et_pb_blurb][\/et_pb_column][et_pb_column type=&#8221;1_4&#8243; _builder_version=&#8221;4.21.0&#8243; _module_preset=&#8221;default&#8221; global_colors_info=&#8221;{}&#8221;][et_pb_blurb url=&#8221;https:\/\/my.qnproducts.digital\/vi\/watches-and-jewellery\/&#8221; module_class=&#8221;qi-categories-row-item&#8221; _builder_version=&#8221;4.22.1&#8243; _module_preset=&#8221;default&#8221; body_font=&#8221;|700|||||||&#8221; body_font_size=&#8221;18px&#8221; body_line_height=&#8221;1.1em&#8221; body_link_text_color=&#8221;#FFFFFF&#8221; background_image=&#8221;https:\/\/my.qnproducts.digital\/wp-content\/uploads\/2023\/07\/Categories-Card-2.png&#8221; background_position=&#8221;center_right&#8221; background_layout=&#8221;dark&#8221; custom_padding=&#8221;|20px||20px|false|true&#8221; link_option_url=&#8221;https:\/\/my.qnproducts.digital\/vi\/watches-and-jewellery\/&#8221; hover_enabled=&#8221;0&#8243; border_radii=&#8221;on|16px|16px|16px|16px&#8221; global_colors_info=&#8221;{}&#8221; sticky_enabled=&#8221;0&#8243;]<a href=\"https:\/\/my.qnproducts.digital\/vi\/watches-and-jewellery\/\">\u0110\u1ed3ng h\u1ed3 &amp; Trang s\u1ee9c<\/a>[\/et_pb_blurb][\/et_pb_column][et_pb_column type=&#8221;1_4&#8243; _builder_version=&#8221;4.21.0&#8243; _module_preset=&#8221;default&#8221; global_colors_info=&#8221;{}&#8221;][et_pb_blurb url=&#8221;https:\/\/my.qnproducts.digital\/vi\/home-and-living\/&#8221; module_class=&#8221;qi-categories-row-item&#8221; _builder_version=&#8221;4.22.1&#8243; _module_preset=&#8221;default&#8221; body_font=&#8221;|700|||||||&#8221; body_font_size=&#8221;18px&#8221; body_line_height=&#8221;1.1em&#8221; body_link_text_color=&#8221;#FFFFFF&#8221; background_image=&#8221;https:\/\/my.qnproducts.digital\/wp-content\/uploads\/2023\/07\/Categories-Card-3.png&#8221; background_position=&#8221;center_right&#8221; background_layout=&#8221;dark&#8221; custom_padding=&#8221;|20px||20px|false|true&#8221; link_option_url=&#8221;https:\/\/my.qnproducts.digital\/vi\/home-and-living\/&#8221; hover_enabled=&#8221;0&#8243; border_radii=&#8221;on|16px|16px|16px|16px&#8221; global_colors_info=&#8221;{}&#8221; sticky_enabled=&#8221;0&#8243;]<a href=\"https:\/\/my.qnproducts.digital\/vi\/home-and-living\/\">Gia d\u1ee5ng<\/a>[\/et_pb_blurb][\/et_pb_column][et_pb_column type=&#8221;1_4&#8243; _builder_version=&#8221;4.21.0&#8243; _module_preset=&#8221;default&#8221; global_colors_info=&#8221;{}&#8221;][et_pb_blurb url=&#8221;https:\/\/my.qnproducts.digital\/vi\/health\/&#8221; module_class=&#8221;qi-categories-row-item&#8221; _builder_version=&#8221;4.22.1&#8243; _module_preset=&#8221;default&#8221; body_font=&#8221;|700|||||||&#8221; body_font_size=&#8221;18px&#8221; body_line_height=&#8221;1.1em&#8221; body_link_text_color=&#8221;#FFFFFF&#8221; background_image=&#8221;https:\/\/my.qnproducts.digital\/wp-content\/uploads\/2023\/07\/Categories-Card-5.png&#8221; background_position=&#8221;center_right&#8221; background_layout=&#8221;dark&#8221; custom_padding=&#8221;|20px||20px|false|true&#8221; link_option_url=&#8221;https:\/\/my.qnproducts.digital\/vi\/health\/&#8221; hover_enabled=&#8221;0&#8243; border_radii=&#8221;on|16px|16px|16px|16px&#8221; global_colors_info=&#8221;{}&#8221; sticky_enabled=&#8221;0&#8243;]<a href=\"https:\/\/my.qnproducts.digital\/vi\/health\/\">S\u1ee9c kh\u1ecfe<\/a>[\/et_pb_blurb][\/et_pb_column][\/et_pb_row][et_pb_row column_structure=&#8221;1_4,1_4,1_4,1_4&#8243; use_custom_gutter=&#8221;on&#8221; custom_padding_last_edited=&#8221;on|phone&#8221; module_class=&#8221;qi-categories-row&#8221; _builder_version=&#8221;4.21.0&#8243; _module_preset=&#8221;default&#8221; custom_padding=&#8221;||0px||false|false&#8221; custom_padding_tablet=&#8221;||0px||false|false&#8221; custom_padding_phone=&#8221;0px||0px||false|false&#8221; global_colors_info=&#8221;{}&#8221;][et_pb_column type=&#8221;1_4&#8243; _builder_version=&#8221;4.21.0&#8243; _module_preset=&#8221;default&#8221; global_colors_info=&#8221;{}&#8221;][et_pb_blurb url=&#8221;https:\/\/my.qnproducts.digital\/vi\/personal-care-and-beauty\/&#8221; module_class=&#8221;qi-categories-row-item&#8221; _builder_version=&#8221;4.22.1&#8243; _module_preset=&#8221;default&#8221; body_font=&#8221;|700|||||||&#8221; body_font_size=&#8221;18px&#8221; body_line_height=&#8221;1.1em&#8221; body_link_text_color=&#8221;#FFFFFF&#8221; background_image=&#8221;https:\/\/my.qnproducts.digital\/wp-content\/uploads\/2023\/07\/Categories-Card-pink.png&#8221; background_position=&#8221;center_right&#8221; background_layout=&#8221;dark&#8221; custom_padding=&#8221;|20px||20px|false|true&#8221; link_option_url=&#8221;https:\/\/my.qnproducts.digital\/vi\/personal-care-and-beauty\/&#8221; hover_enabled=&#8221;0&#8243; border_radii=&#8221;on|16px|16px|16px|16px&#8221; global_colors_info=&#8221;{}&#8221; sticky_enabled=&#8221;0&#8243;]<a href=\"https:\/\/my.qnproducts.digital\/vi\/personal-care-and-beauty\/\">Ch\u0103m s\u00f3c &amp; L\u00e0m \u0111\u1eb9p C\u00e1 nh\u00e2n<\/a>[\/et_pb_blurb][\/et_pb_column][et_pb_column type=&#8221;1_4&#8243; _builder_version=&#8221;4.21.0&#8243; _module_preset=&#8221;default&#8221; global_colors_info=&#8221;{}&#8221;][et_pb_blurb url=&#8221;https:\/\/my.qnproducts.digital\/holidays\/&#8221; disabled_on=&#8221;on|on|on&#8221; module_class=&#8221;qi-categories-row-item&#8221; _builder_version=&#8221;4.21.0&#8243; _module_preset=&#8221;default&#8221; body_font=&#8221;|700|||||||&#8221; body_font_size=&#8221;18px&#8221; body_line_height=&#8221;1.1em&#8221; body_link_text_color=&#8221;#FFFFFF&#8221; background_image=&#8221;https:\/\/my.qnproducts.digital\/wp-content\/uploads\/2023\/07\/Categories-Card-img.png&#8221; background_position=&#8221;center_right&#8221; background_layout=&#8221;dark&#8221; custom_padding=&#8221;|20px||20px|false|true&#8221; link_option_url=&#8221;https:\/\/my.qnproducts.digital\/holidays\/&#8221; border_radii=&#8221;on|16px|16px|16px|16px&#8221; disabled=&#8221;on&#8221; global_colors_info=&#8221;{}&#8221;]<\/p>\n<p><a href=\"https:\/\/my.qnproducts.digital\/vi\/?page_id=1310\">Holiday<\/a><\/p>\n<p>[\/et_pb_blurb][\/et_pb_column][et_pb_column type=&#8221;1_4&#8243; _builder_version=&#8221;4.21.0&#8243; _module_preset=&#8221;default&#8221; global_colors_info=&#8221;{}&#8221;][et_pb_blurb url=&#8221;https:\/\/my.qnproducts.digital\/qlearn\/&#8221; disabled_on=&#8221;on|on|on&#8221; module_class=&#8221;qi-categories-row-item&#8221; _builder_version=&#8221;4.21.0&#8243; _module_preset=&#8221;default&#8221; body_font=&#8221;|700|||||||&#8221; body_font_size=&#8221;18px&#8221; body_line_height=&#8221;1.1em&#8221; body_link_text_color=&#8221;#FFFFFF&#8221; background_image=&#8221;https:\/\/my.qnproducts.digital\/wp-content\/uploads\/2023\/07\/Categories-Card-4.png&#8221; background_position=&#8221;center_right&#8221; background_layout=&#8221;dark&#8221; custom_padding=&#8221;|20px||20px|false|true&#8221; link_option_url=&#8221;https:\/\/my.qnproducts.digital\/qlearn\/&#8221; border_radii=&#8221;on|16px|16px|16px|16px&#8221; disabled=&#8221;on&#8221; global_colors_info=&#8221;{}&#8221;]<\/p>\n<p><a href=\"https:\/\/my.qnproducts.digital\/vi\/qlearn\/\">Education<\/a><\/p>\n<p>[\/et_pb_blurb][\/et_pb_column][et_pb_column type=&#8221;1_4&#8243; _builder_version=&#8221;4.21.0&#8243; _module_preset=&#8221;default&#8221; global_colors_info=&#8221;{}&#8221;][\/et_pb_column][\/et_pb_row][\/et_pb_section]<\/p>\n","protected":false},"excerpt":{"rendered":"<p>CH\u1eccN DANH M\u1ee4CTh\u1ec3 ch\u1ea5t &amp; Tinh th\u1ea7n to\u00e0n di\u1ec7n\u0110\u1ed3ng h\u1ed3 &amp; Trang s\u1ee9cGia d\u1ee5ngS\u1ee9c kh\u1ecfeCh\u0103m s\u00f3c &amp; L\u00e0m \u0111\u1eb9p C\u00e1 nh\u00e2nHolidayEducation<\/p>\n","protected":false},"author":2,"featured_media":0,"parent":0,"menu_order":0,"comment_status":"closed","ping_status":"closed","template":"","meta":{"_acf_changed":false,"_et_pb_use_builder":"on","_et_pb_old_content":"","_et_gb_content_width":"","footnotes":""},"class_list":["post-1338","page","type-page","status-publish","hentry"],"acf":[],"_links":{"self":[{"href":"https:\/\/my.qnproducts.digital\/vi\/wp-json\/wp\/v2\/pages\/1338","targetHints":{"allow":["GET"]}}],"collection":[{"href":"https:\/\/my.qnproducts.digital\/vi\/wp-json\/wp\/v2\/pages"}],"about":[{"href":"https:\/\/my.qnproducts.digital\/vi\/wp-json\/wp\/v2\/types\/page"}],"author":[{"embeddable":true,"href":"https:\/\/my.qnproducts.digital\/vi\/wp-json\/wp\/v2\/users\/2"}],"replies":[{"embeddable":true,"href":"https:\/\/my.qnproducts.digital\/vi\/wp-json\/wp\/v2\/comments?post=1338"}],"version-history":[{"count":0,"href":"https:\/\/my.qnproducts.digital\/vi\/wp-json\/wp\/v2\/pages\/1338\/revisions"}],"wp:attachment":[{"href":"https:\/\/my.qnproducts.digital\/vi\/wp-json\/wp\/v2\/media?parent=1338"}],"curies":[{"name":"wp","href":"https:\/\/api.w.org\/{rel}","templated":true}]}}