{"id":1329,"date":"2023-08-10T08:11:36","date_gmt":"2023-08-10T08:11:36","guid":{"rendered":"https:\/\/my.qnproducts.digital\/physio-radiance\/"},"modified":"2023-11-10T08:54:21","modified_gmt":"2023-11-10T08:54:21","slug":"physio-radiance","status":"publish","type":"page","link":"https:\/\/my.qnproducts.digital\/vi\/personal-care-and-beauty\/physio-radiance\/","title":{"rendered":"Physio Radiance"},"content":{"rendered":"<div class=\"ewa-rteLine\"><strong>CH\u1ed0NG L\u00c3O H\u00d3A \u0110\u00c1NG K\u1ec2 C\u00d9NG PHYSIO RADIANCE<\/strong><\/div>\n<div><\/div>\n<div class=\"ewa-rteLine\">T\u1eeb vi\u1ec7c t\u1ea1o \u1ea5n t\u01b0\u1ee3ng t\u1ed1t trong l\u1ea7n g\u1eb7p \u0111\u1ea7u ti\u00ean \u0111\u1ebfn vi\u1ec7c t\u0103ng s\u1ef1 t\u1ef1 tin v\u00e0o b\u1ea3n th\u00e2n, v\u1ebb ngo\u00e0i ch\u1ec9n chu s\u1ebd th\u1eadt s\u1ef1 t\u1ea1o ra nhi\u1ec1u \u0111i\u1ec1u kh\u00e1c bi\u1ec7t. S\u1ee9c m\u1ea1nh th\u1ef1c s\u1ef1 v\u00e0 gi\u00e1 tr\u1ecb c\u1ed1t l\u00f5i \u0111\u01b0\u1ee3c t\u00ecm th\u1ea5y t\u1eeb vi\u1ec7c ch\u0103m s\u00f3c b\u1ea3n th\u00e2n v\u00e0 d\u00e0nh th\u1eddi gian cho vi\u1ec7c t\u1ef1 ch\u0103m s\u00f3c v\u00e0 y\u00eau th\u01b0\u01a1ng b\u1ea3n th\u00e2n.<\/div>\n","protected":false},"excerpt":{"rendered":"<p>CH\u1ed0NG L\u00c3O H\u00d3A \u0110\u00c1NG K\u1ec2 C\u00d9NG PHYSIO RADIANCE T\u1eeb vi\u1ec7c t\u1ea1o \u1ea5n t\u01b0\u1ee3ng t\u1ed1t trong l\u1ea7n g\u1eb7p \u0111\u1ea7u ti\u00ean \u0111\u1ebfn vi\u1ec7c t\u0103ng s\u1ef1 t\u1ef1 tin v\u00e0o b\u1ea3n th\u00e2n, v\u1ebb ngo\u00e0i ch\u1ec9n chu s\u1ebd th\u1eadt s\u1ef1 t\u1ea1o ra nhi\u1ec1u \u0111i\u1ec1u kh\u00e1c bi\u1ec7t. S\u1ee9c m\u1ea1nh th\u1ef1c s\u1ef1 v\u00e0 gi\u00e1 tr\u1ecb c\u1ed1t l\u00f5i \u0111\u01b0\u1ee3c t\u00ecm th\u1ea5y t\u1eeb vi\u1ec7c [&hellip;]<\/p>\n","protected":false},"author":2,"featured_media":1330,"parent":1331,"menu_order":0,"comment_status":"closed","ping_status":"closed","template":"","meta":{"_acf_changed":false,"_et_pb_use_builder":"","_et_pb_old_content":"<p>[et_pb_section][et_pb_row][et_pb_column type=\"4_4\"][et_pb_text]<\/p><div class=\"ewa-rteLine\">CH\u1ed0NG L\u00c3O H\u00d3A \u0110\u00c1NG K\u1ec2 C\u00d9NG PHYSIO RADIANCE<\/div><div class=\"ewa-rteLine\">T\u1eeb vi\u1ec7c t\u1ea1o \u1ea5n t\u01b0\u1ee3ng t\u1ed1t trong l\u1ea7n g\u1eb7p \u0111\u1ea7u ti\u00ean \u0111\u1ebfn vi\u1ec7c t\u0103ng s\u1ef1 t\u1ef1 tin v\u00e0o b\u1ea3n th\u00e2n, v\u1ebb ngo\u00e0i ch\u1ec9n chu s\u1ebd th\u1eadt s\u1ef1 t\u1ea1o ra nhi\u1ec1u \u0111i\u1ec1u kh\u00e1c bi\u1ec7t. S\u1ee9c m\u1ea1nh th\u1ef1c s\u1ef1 v\u00e0 gi\u00e1 tr\u1ecb c\u1ed1t l\u00f5i \u0111\u01b0\u1ee3c t\u00ecm th\u1ea5y t\u1eeb vi\u1ec7c ch\u0103m s\u00f3c b\u1ea3n th\u00e2n v\u00e0 d\u00e0nh th\u1eddi gian cho vi\u1ec7c t\u1ef1 ch\u0103m s\u00f3c v\u00e0 y\u00eau th\u01b0\u01a1ng b\u1ea3n th\u00e2n.<\/div><p>[\/et_pb_text][\/et_pb_column][\/et_pb_row][\/et_pb_section]<\/p>","_et_gb_content_width":"","footnotes":""},"class_list":["post-1329","page","type-page","status-publish","has-post-thumbnail","hentry"],"acf":[],"_links":{"self":[{"href":"https:\/\/my.qnproducts.digital\/vi\/wp-json\/wp\/v2\/pages\/1329","targetHints":{"allow":["GET"]}}],"collection":[{"href":"https:\/\/my.qnproducts.digital\/vi\/wp-json\/wp\/v2\/pages"}],"about":[{"href":"https:\/\/my.qnproducts.digital\/vi\/wp-json\/wp\/v2\/types\/page"}],"author":[{"embeddable":true,"href":"https:\/\/my.qnproducts.digital\/vi\/wp-json\/wp\/v2\/users\/2"}],"replies":[{"embeddable":true,"href":"https:\/\/my.qnproducts.digital\/vi\/wp-json\/wp\/v2\/comments?post=1329"}],"version-history":[{"count":0,"href":"https:\/\/my.qnproducts.digital\/vi\/wp-json\/wp\/v2\/pages\/1329\/revisions"}],"up":[{"embeddable":true,"href":"https:\/\/my.qnproducts.digital\/vi\/wp-json\/wp\/v2\/pages\/1331"}],"wp:featuredmedia":[{"embeddable":true,"href":"https:\/\/my.qnproducts.digital\/vi\/wp-json\/wp\/v2\/media\/1330"}],"wp:attachment":[{"href":"https:\/\/my.qnproducts.digital\/vi\/wp-json\/wp\/v2\/media?parent=1329"}],"curies":[{"name":"wp","href":"https:\/\/api.w.org\/{rel}","templated":true}]}}