{"id":1322,"date":"2023-08-16T11:58:50","date_gmt":"2023-08-16T11:58:50","guid":{"rendered":"https:\/\/my.qnproducts.digital\/kenta\/"},"modified":"2023-12-01T05:12:24","modified_gmt":"2023-12-01T05:12:24","slug":"kenta","status":"publish","type":"page","link":"https:\/\/my.qnproducts.digital\/vi\/health\/kenta\/","title":{"rendered":"Kenta"},"content":{"rendered":"<p><strong>Kh\u00e1m ph\u00e1 b\u00ed m\u1eadt c\u1ee7a s\u1ee9c kh\u1ecfe &amp; tu\u1ed5i th\u1ecd<\/strong><br \/>\nKenta l\u00e0 s\u1ea3n ph\u1ea9m c\u00f3 c\u00f4ng th\u1ee9c v\u00e0 th\u00e0nh ph\u1ea7n t\u1ef1 nhi\u00ean v\u1edbi h\u01b0\u01a1ng v\u1ecb th\u01a1m ngon \u0111\u01b0\u1ee3c truy\u1ec1n c\u1ea3m h\u1ee9ng t\u1eeb ch\u1ebf \u0111\u1ed9 \u0103n u\u1ed1ng c\u1ee7a ng\u01b0\u1eddi d\u00e2n \u0111\u1ea3o Okinawa &#8211; n\u01a1i \u0111\u01b0\u1ee3c m\u1ec7nh danh l\u00e0 &#8220;Ng\u00f4i l\u00e0ng tr\u01b0\u1eddng th\u1ecd&#8221; t\u1ea1i Nh\u1eadt B\u1ea3n. Ng\u01b0\u1eddi d\u00e2n s\u1ed1ng tr\u00ean \u0111\u1ea3o l\u00e0 nh\u1eefng ng\u01b0\u1eddi kh\u1ecfe m\u1ea1nh v\u00e0 c\u00f3 tu\u1ed5i th\u1ecd cao nh\u1ea5t th\u1ebf gi\u1edbi. So v\u1edbi ng\u01b0\u1eddi M\u1ef9 c\u00f3 c\u00f9ng \u0111\u1ed9 tu\u1ed5i, ng\u01b0\u1eddi d\u00e2n \u0111\u1ea3o Okinawa c\u00f3 kh\u1ea3 n\u0103ng s\u1ed1ng th\u1ecd h\u01a1n 100 tu\u1ed5i cao g\u1ea5p 3 l\u1ea7n, t\u1ef7 l\u1ec7 m\u1ea5t tr\u00ed nh\u1edb \u1edf ng\u01b0\u1eddi l\u1edbn tu\u1ed5i th\u1ea5p h\u01a1n 2 l\u1ea7n v\u00e0 t\u1ef7 l\u1ec7 t\u1ef7 vong do b\u1ec7nh tim m\u1ea1ch v\u00e0 ung th\u01b0 c\u0169ng th\u1ea5p h\u01a1n \u0111\u00e1ng k\u1ec3.<br \/>\nTh\u1eed nghi\u1ec7m nghi\u00eam ng\u1eb7t c\u1ee7a ch\u00fang t\u00f4i ch\u1ec9 ra r\u1eb1ng trong v\u00f2ng 30 ng\u00e0y, Kenta c\u00f3 kh\u1ea3 n\u0103ng gi\u1ea3m d\u1ea5u hi\u1ec7u l\u00e3o h\u00f3a \u0111\u1ebfn 121,8%, t\u1ef7 l\u1ec7 v\u01b0\u1ee3t tr\u1ed9i r\u00f5 r\u00e0ng so v\u1edbi c\u00e1c s\u1ea3n ph\u1ea9m t\u01b0\u01a1ng t\u1ef1 tr\u00ean th\u1ecb tr\u01b0\u1eddng.<\/p>\n<p><strong>Kenta: Mang l\u1ea1i t\u00e1c d\u1ee5ng cho to\u00e0n b\u1ed9 c\u01a1 th\u1ec3<\/strong><br \/>\n&#8211; X\u01b0\u01a1ng kh\u1edbp ch\u1eafc kh\u1ecfe h\u01a1n<br \/>\n&#8211; Gi\u1ea3m nguy c\u01a1 m\u1eafc c\u00e1c b\u1ec7nh tim m\u1ea1ch<br \/>\n&#8211; C\u00e2n b\u1eb1ng h\u00f3c m\u00f4n t\u1ed1t h\u01a1n<br \/>\n&#8211; Gi\u1ea3m c\u00e1c tri\u1ec7u ch\u1ee9ng m\u00e3n kinh<br \/>\n&#8211; Mang l\u1ea1i l\u00e0n da s\u0103n ch\u1eafc v\u00e0 c\u0103ng m\u1ecdng<br \/>\n&#8211; H\u1ed7 tr\u1ee3 m\u1ecdc t\u00f3c v\u00e0 gi\u1ea3m g\u00e3y r\u1ee5ng<\/p>\n","protected":false},"excerpt":{"rendered":"<p>Kh\u00e1m ph\u00e1 b\u00ed m\u1eadt c\u1ee7a s\u1ee9c kh\u1ecfe &amp; tu\u1ed5i th\u1ecd Kenta l\u00e0 s\u1ea3n ph\u1ea9m c\u00f3 c\u00f4ng th\u1ee9c v\u00e0 th\u00e0nh ph\u1ea7n t\u1ef1 nhi\u00ean v\u1edbi h\u01b0\u01a1ng v\u1ecb th\u01a1m ngon \u0111\u01b0\u1ee3c truy\u1ec1n c\u1ea3m h\u1ee9ng t\u1eeb ch\u1ebf \u0111\u1ed9 \u0103n u\u1ed1ng c\u1ee7a ng\u01b0\u1eddi d\u00e2n \u0111\u1ea3o Okinawa &#8211; n\u01a1i \u0111\u01b0\u1ee3c m\u1ec7nh danh l\u00e0 &#8220;Ng\u00f4i l\u00e0ng tr\u01b0\u1eddng th\u1ecd&#8221; t\u1ea1i Nh\u1eadt B\u1ea3n. Ng\u01b0\u1eddi [&hellip;]<\/p>\n","protected":false},"author":2,"featured_media":1324,"parent":1337,"menu_order":0,"comment_status":"closed","ping_status":"closed","template":"","meta":{"_acf_changed":false,"_et_pb_use_builder":"","_et_pb_old_content":"","_et_gb_content_width":"","footnotes":""},"class_list":["post-1322","page","type-page","status-publish","has-post-thumbnail","hentry"],"acf":[],"_links":{"self":[{"href":"https:\/\/my.qnproducts.digital\/vi\/wp-json\/wp\/v2\/pages\/1322","targetHints":{"allow":["GET"]}}],"collection":[{"href":"https:\/\/my.qnproducts.digital\/vi\/wp-json\/wp\/v2\/pages"}],"about":[{"href":"https:\/\/my.qnproducts.digital\/vi\/wp-json\/wp\/v2\/types\/page"}],"author":[{"embeddable":true,"href":"https:\/\/my.qnproducts.digital\/vi\/wp-json\/wp\/v2\/users\/2"}],"replies":[{"embeddable":true,"href":"https:\/\/my.qnproducts.digital\/vi\/wp-json\/wp\/v2\/comments?post=1322"}],"version-history":[{"count":0,"href":"https:\/\/my.qnproducts.digital\/vi\/wp-json\/wp\/v2\/pages\/1322\/revisions"}],"up":[{"embeddable":true,"href":"https:\/\/my.qnproducts.digital\/vi\/wp-json\/wp\/v2\/pages\/1337"}],"wp:featuredmedia":[{"embeddable":true,"href":"https:\/\/my.qnproducts.digital\/vi\/wp-json\/wp\/v2\/media\/1324"}],"wp:attachment":[{"href":"https:\/\/my.qnproducts.digital\/vi\/wp-json\/wp\/v2\/media?parent=1322"}],"curies":[{"name":"wp","href":"https:\/\/api.w.org\/{rel}","templated":true}]}}