{"id":1320,"date":"2023-08-16T12:12:49","date_gmt":"2023-08-16T12:12:49","guid":{"rendered":"https:\/\/my.qnproducts.digital\/pro-spark\/"},"modified":"2023-11-10T09:33:01","modified_gmt":"2023-11-10T09:33:01","slug":"pro-spark","status":"publish","type":"page","link":"https:\/\/my.qnproducts.digital\/vi\/personal-care-and-beauty\/pro-spark\/","title":{"rendered":"Pro Spark"},"content":{"rendered":"<p>ProSpark, kem \u0111\u00e1nh r\u0103ng v\u1edbi c\u00f4ng th\u1ee9c c\u1ea3i ti\u1ebfn t\u1eeb QNET, l\u00e0 ng\u01b0\u1eddi b\u1ea1n \u0111\u1ed3ng h\u00e0nh quan tr\u1ecdng nh\u1ea5t trong b\u1ea5t k\u1ef3 b\u1ed9 d\u1ee5ng c\u1ee5 n\u00e0o c\u1ee7a nha s\u1ef9 &#8211; b\u1edfi v\u00ec kh\u00f4ng ai mu\u1ed1n xu\u1ea5t hi\u1ec7n v\u1edbi h\u01a1i th\u1edf n\u1eb7ng m\u00f9i v\u00e0 h\u00e0m r\u0103ng \u1ed1 v\u00e0ng!<\/p>\n","protected":false},"excerpt":{"rendered":"<p>ProSpark, kem \u0111\u00e1nh r\u0103ng v\u1edbi c\u00f4ng th\u1ee9c c\u1ea3i ti\u1ebfn t\u1eeb QNET, l\u00e0 ng\u01b0\u1eddi b\u1ea1n \u0111\u1ed3ng h\u00e0nh quan tr\u1ecdng nh\u1ea5t trong b\u1ea5t k\u1ef3 b\u1ed9 d\u1ee5ng c\u1ee5 n\u00e0o c\u1ee7a nha s\u1ef9 &#8211; b\u1edfi v\u00ec kh\u00f4ng ai mu\u1ed1n xu\u1ea5t hi\u1ec7n v\u1edbi h\u01a1i th\u1edf n\u1eb7ng m\u00f9i v\u00e0 h\u00e0m r\u0103ng \u1ed1 v\u00e0ng!<\/p>\n","protected":false},"author":2,"featured_media":1321,"parent":1331,"menu_order":0,"comment_status":"closed","ping_status":"closed","template":"","meta":{"_acf_changed":false,"_et_pb_use_builder":"","_et_pb_old_content":"","_et_gb_content_width":"","footnotes":""},"class_list":["post-1320","page","type-page","status-publish","has-post-thumbnail","hentry"],"acf":[],"_links":{"self":[{"href":"https:\/\/my.qnproducts.digital\/vi\/wp-json\/wp\/v2\/pages\/1320","targetHints":{"allow":["GET"]}}],"collection":[{"href":"https:\/\/my.qnproducts.digital\/vi\/wp-json\/wp\/v2\/pages"}],"about":[{"href":"https:\/\/my.qnproducts.digital\/vi\/wp-json\/wp\/v2\/types\/page"}],"author":[{"embeddable":true,"href":"https:\/\/my.qnproducts.digital\/vi\/wp-json\/wp\/v2\/users\/2"}],"replies":[{"embeddable":true,"href":"https:\/\/my.qnproducts.digital\/vi\/wp-json\/wp\/v2\/comments?post=1320"}],"version-history":[{"count":0,"href":"https:\/\/my.qnproducts.digital\/vi\/wp-json\/wp\/v2\/pages\/1320\/revisions"}],"up":[{"embeddable":true,"href":"https:\/\/my.qnproducts.digital\/vi\/wp-json\/wp\/v2\/pages\/1331"}],"wp:featuredmedia":[{"embeddable":true,"href":"https:\/\/my.qnproducts.digital\/vi\/wp-json\/wp\/v2\/media\/1321"}],"wp:attachment":[{"href":"https:\/\/my.qnproducts.digital\/vi\/wp-json\/wp\/v2\/media?parent=1320"}],"curies":[{"name":"wp","href":"https:\/\/api.w.org\/{rel}","templated":true}]}}