{"id":1318,"date":"2023-08-16T12:13:59","date_gmt":"2023-08-16T12:13:59","guid":{"rendered":"https:\/\/my.qnproducts.digital\/biosilver\/"},"modified":"2023-12-01T04:49:57","modified_gmt":"2023-12-01T04:49:57","slug":"biosilver","status":"publish","type":"page","link":"https:\/\/my.qnproducts.digital\/vi\/personal-care-and-beauty\/biosilver\/","title":{"rendered":"BioSilver"},"content":{"rendered":"<p><strong>C\u00d4NG NGH\u1ec6 CH\u0102M S\u00d3C DA SILVERSOL CAO C\u1ea4P<\/strong><\/p>\n<p>Tr\u00ean c\u01a1 th\u1ec3 ch\u00fang ta, c\u00f3 m\u1ed9t b\u1ed9 ph\u1eadn kh\u00f4ng th\u1ec3 gi\u1eef s\u1ea1ch qu\u00e1 l\u00e2u&#8230; \u0111\u00f3 ch\u00ednh l\u00e0 \u0111\u00f4i b\u00e0n tay. B\u00e0n tay ta lu\u00f4n ch\u1ea1m v\u00e0o m\u1ecdi th\u1ee9, ch\u1ea1m v\u00e0o b\u1ea5t k\u1ef3 th\u1ee9 g\u00ec v\u00e0 r\u1ed3i ch\u00fang ta th\u01b0\u1eddng xuy\u00ean s\u1edd tay l\u00ean m\u1eb7t ho\u1eb7c s\u1edd v\u00e0o c\u00e1c b\u1ec1 m\u1eb7t kh\u00e1c, li\u00ean t\u1ee5c l\u00e2y lan vi tr\u00f9ng ra xung quanh ch\u00fang ta. \u0110\u1ec3 n\u1ed7 l\u1ef1c ng\u0103n ch\u1eb7n v\u00e0 l\u00e0m gi\u1ea3m s\u1ef1 \u00f4 nhi\u1ec5m m\u00e0 ch\u00fang ta th\u01b0\u1eddng xuy\u00ean ti\u1ebfp x\u00fac, QNET \u0111\u00e3 t\u1eadn d\u1ee5ng c\u00e1c l\u1ee3i th\u1ebf khoa h\u1ecdc c\u1ee7a b\u1ea1c \u0111\u1ec3 t\u1ea1o ra gel b\u1ea1c sinh h\u1ecdc BioSilver 22 Gel.<\/p>\n<p><strong>B\u1ea3o v\u1ec7 c\u1ea3 gia \u0111\u00ecnh m\u1ed7i ng\u00e0y c\u00f9ng SILVERSOL<\/strong><\/p>\n<p>Gel BioSilver 22 v\u1edbi c\u00f4ng ngh\u1ec7 SilverSol \u0111\u00e3 \u0111\u01b0\u1ee3c ch\u1ee9ng minh khoa h\u1ecdc v\u00e0 \u0111\u01b0\u1ee3c c\u1ea5p b\u1eb1ng s\u00e1ng ch\u1ebf \u0111\u1ed9c quy\u1ec1n l\u00e0 s\u1ea3n ph\u1ea9m gi\u00fap gi\u1ea3i quy\u1ebft v\u1ea5n \u0111\u1ec1 n\u00e0y. Gel BioSilver 22 l\u00e0 lo\u1ea1i n\u01b0\u1edbc kh\u1eed tr\u00f9ng cho tay v\u00e0 c\u01a1 th\u1ec3, thu\u1eadn ti\u1ec7n \u0111\u1ec3 mang theo m\u1ecdi l\u00fac m\u1ecdi n\u01a1i v\u1edbi c\u00e1c \u0111\u1eb7c t\u00ednh kh\u00e1ng khu\u1ea9n v\u00e0 kh\u00e1ng vi-r\u00fat gi\u00fap b\u1ea3o v\u1ec7 b\u1ea1n v\u00e0 gia \u0111\u00ecnh kh\u1ecfi vi tr\u00f9ng v\u00e0 vi-r\u00fat m\u00e0 kh\u00f4ng l\u00e0m kh\u00f4 da.<\/p>\n","protected":false},"excerpt":{"rendered":"<p>C\u00d4NG NGH\u1ec6 CH\u0102M S\u00d3C DA SILVERSOL CAO C\u1ea4P Tr\u00ean c\u01a1 th\u1ec3 ch\u00fang ta, c\u00f3 m\u1ed9t b\u1ed9 ph\u1eadn kh\u00f4ng th\u1ec3 gi\u1eef s\u1ea1ch qu\u00e1 l\u00e2u&#8230; \u0111\u00f3 ch\u00ednh l\u00e0 \u0111\u00f4i b\u00e0n tay. B\u00e0n tay ta lu\u00f4n ch\u1ea1m v\u00e0o m\u1ecdi th\u1ee9, ch\u1ea1m v\u00e0o b\u1ea5t k\u1ef3 th\u1ee9 g\u00ec v\u00e0 r\u1ed3i ch\u00fang ta th\u01b0\u1eddng xuy\u00ean s\u1edd tay l\u00ean m\u1eb7t ho\u1eb7c s\u1edd [&hellip;]<\/p>\n","protected":false},"author":2,"featured_media":1319,"parent":1331,"menu_order":0,"comment_status":"closed","ping_status":"closed","template":"","meta":{"_acf_changed":false,"_et_pb_use_builder":"off","_et_pb_old_content":"<strong>C\u00d4NG NGH\u1ec6 CH\u0102M S\u00d3C DA SILVERSOL CAO C\u1ea4P<\/strong>\r\n\r\nTr\u00ean c\u01a1 th\u1ec3 ch\u00fang ta, c\u00f3 m\u1ed9t b\u1ed9 ph\u1eadn kh\u00f4ng th\u1ec3 gi\u1eef s\u1ea1ch qu\u00e1 l\u00e2u... \u0111\u00f3 ch\u00ednh l\u00e0 \u0111\u00f4i b\u00e0n tay. B\u00e0n tay ta lu\u00f4n ch\u1ea1m v\u00e0o m\u1ecdi th\u1ee9, ch\u1ea1m v\u00e0o b\u1ea5t k\u1ef3 th\u1ee9 g\u00ec v\u00e0 r\u1ed3i ch\u00fang ta th\u01b0\u1eddng xuy\u00ean s\u1edd tay l\u00ean m\u1eb7t ho\u1eb7c s\u1edd v\u00e0o c\u00e1c b\u1ec1 m\u1eb7t kh\u00e1c, li\u00ean t\u1ee5c l\u00e2y lan vi tr\u00f9ng ra xung quanh ch\u00fang ta. \u0110\u1ec3 n\u1ed7 l\u1ef1c ng\u0103n ch\u1eb7n v\u00e0 l\u00e0m gi\u1ea3m s\u1ef1 \u00f4 nhi\u1ec5m m\u00e0 ch\u00fang ta th\u01b0\u1eddng xuy\u00ean ti\u1ebfp x\u00fac, QNET \u0111\u00e3 t\u1eadn d\u1ee5ng c\u00e1c l\u1ee3i th\u1ebf khoa h\u1ecdc c\u1ee7a b\u1ea1c \u0111\u1ec3 t\u1ea1o ra gel b\u1ea1c sinh h\u1ecdc BioSilver 22 Gel.\r\n\r\n<strong>B\u1ea3o v\u1ec7 c\u1ea3 gia \u0111\u00ecnh m\u1ed7i ng\u00e0y c\u00f9ng SILVERSOL<\/strong>\r\n\r\nGel BioSilver 22 v\u1edbi c\u00f4ng ngh\u1ec7 SilverSol \u0111\u00e3 \u0111\u01b0\u1ee3c ch\u1ee9ng minh khoa h\u1ecdc v\u00e0 \u0111\u01b0\u1ee3c c\u1ea5p b\u1eb1ng s\u00e1ng ch\u1ebf \u0111\u1ed9c quy\u1ec1n l\u00e0 s\u1ea3n ph\u1ea9m gi\u00fap gi\u1ea3i quy\u1ebft v\u1ea5n \u0111\u1ec1 n\u00e0y. Gel BioSilver 22 l\u00e0 lo\u1ea1i n\u01b0\u1edbc kh\u1eed tr\u00f9ng cho tay v\u00e0 c\u01a1 th\u1ec3, thu\u1eadn ti\u1ec7n \u0111\u1ec3 mang theo m\u1ecdi l\u00fac m\u1ecdi n\u01a1i v\u1edbi c\u00e1c \u0111\u1eb7c t\u00ednh kh\u00e1ng khu\u1ea9n v\u00e0 kh\u00e1ng vi-r\u00fat gi\u00fap b\u1ea3o v\u1ec7 b\u1ea1n v\u00e0 gia \u0111\u00ecnh kh\u1ecfi vi tr\u00f9ng v\u00e0 vi-r\u00fat m\u00e0 kh\u00f4ng l\u00e0m kh\u00f4 da.","_et_gb_content_width":"","footnotes":""},"class_list":["post-1318","page","type-page","status-publish","has-post-thumbnail","hentry"],"acf":[],"_links":{"self":[{"href":"https:\/\/my.qnproducts.digital\/vi\/wp-json\/wp\/v2\/pages\/1318","targetHints":{"allow":["GET"]}}],"collection":[{"href":"https:\/\/my.qnproducts.digital\/vi\/wp-json\/wp\/v2\/pages"}],"about":[{"href":"https:\/\/my.qnproducts.digital\/vi\/wp-json\/wp\/v2\/types\/page"}],"author":[{"embeddable":true,"href":"https:\/\/my.qnproducts.digital\/vi\/wp-json\/wp\/v2\/users\/2"}],"replies":[{"embeddable":true,"href":"https:\/\/my.qnproducts.digital\/vi\/wp-json\/wp\/v2\/comments?post=1318"}],"version-history":[{"count":0,"href":"https:\/\/my.qnproducts.digital\/vi\/wp-json\/wp\/v2\/pages\/1318\/revisions"}],"up":[{"embeddable":true,"href":"https:\/\/my.qnproducts.digital\/vi\/wp-json\/wp\/v2\/pages\/1331"}],"wp:featuredmedia":[{"embeddable":true,"href":"https:\/\/my.qnproducts.digital\/vi\/wp-json\/wp\/v2\/media\/1319"}],"wp:attachment":[{"href":"https:\/\/my.qnproducts.digital\/vi\/wp-json\/wp\/v2\/media?parent=1318"}],"curies":[{"name":"wp","href":"https:\/\/api.w.org\/{rel}","templated":true}]}}