{"id":1308,"date":"2023-08-16T13:54:16","date_gmt":"2023-08-16T13:54:16","guid":{"rendered":"https:\/\/my.qnproducts.digital\/qvi-vacay\/"},"modified":"2023-11-14T07:15:33","modified_gmt":"2023-11-14T07:15:33","slug":"qvi-vacay","status":"publish","type":"page","link":"https:\/\/my.qnproducts.digital\/vi\/holiday\/qvi-vacay\/","title":{"rendered":"QVI Vacay"},"content":{"rendered":"<p><strong>Lu\u00f4n s\u1eb5n s\u00e0ng cho c\u00e1c k\u1ef3 ngh\u1ec9!<\/strong><br \/>\nH\u00e3y \u0111\u1ec3 l\u00e0n gi\u00f3 phi\u00eau l\u01b0u \u0111\u01b0a b\u1ea1n \u0111\u1ebfn nh\u1eefng n\u01a1i tr\u00e1ng l\u1ec7! T\u1eadn h\u01b0\u1edfng nh\u1eefng l\u1ee3i \u00edch ch\u01b0a t\u1eebng c\u00f3, bao g\u1ed3m c\u00e1c \u0111\u00eam ngh\u1ec9 c\u00f3 th\u1ec3 thay \u0111\u1ed5i, m\u1ee9c ph\u00ed \u01b0u \u0111\u00e3i \u0111\u1eb7c bi\u1ec7t k\u00e8m theo gi\u1ea3m gi\u00e1 VIP, phi\u1ebfu \u01b0u \u0111\u00e3i v\u00e0 ph\u1ea7n th\u01b0\u1edfng cu\u1ed1i n\u0103m. Y\u00eau m\u1ebfn c\u00e1c th\u00e0nh ph\u1ed1, t\u1ea1o ra nh\u1eefng k\u1ef7 ni\u1ec7m \u0111\u1eb7c bi\u1ec7t v\u00e0 ch\u1ec9 \u0111\u1ec3 l\u1ea1i d\u1ea5u ch\u00e2n du l\u1ecbch c\u1ee7a b\u1ea1n. B\u1ea1n \u0111\u00e3 c\u00f3 \u0111i\u1ec3m \u0111\u1ebfn m\u01a1 \u01b0\u1edbc ch\u01b0a? H\u00e3y kh\u00e1m ph\u00e1 QVI Vacay v\u00e0 \u0111\u01b0a tr\u1ea3i nghi\u1ec7m du l\u1ecbch c\u1ee7a b\u1ea1n l\u00ean T\u1ea6M CAO M\u1edaI.<\/p>\n","protected":false},"excerpt":{"rendered":"<p>Lu\u00f4n s\u1eb5n s\u00e0ng cho c\u00e1c k\u1ef3 ngh\u1ec9! H\u00e3y \u0111\u1ec3 l\u00e0n gi\u00f3 phi\u00eau l\u01b0u \u0111\u01b0a b\u1ea1n \u0111\u1ebfn nh\u1eefng n\u01a1i tr\u00e1ng l\u1ec7! T\u1eadn h\u01b0\u1edfng nh\u1eefng l\u1ee3i \u00edch ch\u01b0a t\u1eebng c\u00f3, bao g\u1ed3m c\u00e1c \u0111\u00eam ngh\u1ec9 c\u00f3 th\u1ec3 thay \u0111\u1ed5i, m\u1ee9c ph\u00ed \u01b0u \u0111\u00e3i \u0111\u1eb7c bi\u1ec7t k\u00e8m theo gi\u1ea3m gi\u00e1 VIP, phi\u1ebfu \u01b0u \u0111\u00e3i v\u00e0 ph\u1ea7n th\u01b0\u1edfng cu\u1ed1i [&hellip;]<\/p>\n","protected":false},"author":2,"featured_media":1309,"parent":1310,"menu_order":0,"comment_status":"closed","ping_status":"closed","template":"","meta":{"_acf_changed":false,"_et_pb_use_builder":"","_et_pb_old_content":"","_et_gb_content_width":"","footnotes":""},"class_list":["post-1308","page","type-page","status-publish","has-post-thumbnail","hentry"],"acf":[],"_links":{"self":[{"href":"https:\/\/my.qnproducts.digital\/vi\/wp-json\/wp\/v2\/pages\/1308","targetHints":{"allow":["GET"]}}],"collection":[{"href":"https:\/\/my.qnproducts.digital\/vi\/wp-json\/wp\/v2\/pages"}],"about":[{"href":"https:\/\/my.qnproducts.digital\/vi\/wp-json\/wp\/v2\/types\/page"}],"author":[{"embeddable":true,"href":"https:\/\/my.qnproducts.digital\/vi\/wp-json\/wp\/v2\/users\/2"}],"replies":[{"embeddable":true,"href":"https:\/\/my.qnproducts.digital\/vi\/wp-json\/wp\/v2\/comments?post=1308"}],"version-history":[{"count":0,"href":"https:\/\/my.qnproducts.digital\/vi\/wp-json\/wp\/v2\/pages\/1308\/revisions"}],"up":[{"embeddable":true,"href":"https:\/\/my.qnproducts.digital\/vi\/wp-json\/wp\/v2\/pages\/1310"}],"wp:featuredmedia":[{"embeddable":true,"href":"https:\/\/my.qnproducts.digital\/vi\/wp-json\/wp\/v2\/media\/1309"}],"wp:attachment":[{"href":"https:\/\/my.qnproducts.digital\/vi\/wp-json\/wp\/v2\/media?parent=1308"}],"curies":[{"name":"wp","href":"https:\/\/api.w.org\/{rel}","templated":true}]}}