{"id":1306,"date":"2023-08-16T13:56:51","date_gmt":"2023-08-16T13:56:51","guid":{"rendered":"https:\/\/my.qnproducts.digital\/qvi-club\/"},"modified":"2023-11-14T07:22:31","modified_gmt":"2023-11-14T07:22:31","slug":"qvi-club","status":"publish","type":"page","link":"https:\/\/my.qnproducts.digital\/vi\/holiday\/qvi-club\/","title":{"rendered":"QVI Club"},"content":{"rendered":"<p><strong>Du L\u1ecbch Mi\u1ec5n Ph\u00ed. Ki\u1ebfn T\u1ea1o Nh\u1eefng K\u1ef7 Ni\u1ec7m Kh\u00f3 Qu\u00ean!<\/strong><br \/>\nM\u1edf r\u1ed9ng t\u00e2m tr\u00ed v\u00e0 l\u00e0m phong ph\u00fa cu\u1ed9c s\u1ed1ng c\u1ee7a b\u1ea1n v\u1edbi nh\u1eefng k\u1ef9 ni\u1ec7m ng\u1ecdt ng\u00e0o v\u00e0 n\u1ed5i b\u1eadt. Gia nh\u1eadp c\u00e2u l\u1ea1c b\u1ed9 \u0111\u1ec3 b\u1eaft \u0111\u1ea7u l\u00ean k\u1ebf ho\u1ea1ch cho chuy\u1ebfn du l\u1ecbch c\u1ee7a b\u1ea1n v\u00e0 t\u1eadn h\u01b0\u1edfng h\u01a1n 1000 kh\u00e1ch s\u1ea1n v\u00e0 khu ngh\u1ec9 d\u01b0\u1ee1ng tr\u00ean to\u00e0n c\u1ea7u. H\u00e3y gi\u1eef m\u1ee9c gi\u00e1 \u01b0u \u0111\u00e3i c\u1ee7a ng\u00e0y h\u00f4m nay \u0111\u1ec3 s\u1eed d\u1ee5ng trong t\u01b0\u01a1ng lai v\u00e0 cam k\u1ebft tham gia du l\u1ecbch h\u00e0ng n\u0103m trong nhi\u1ec1u n\u0103m sau.<\/p>\n","protected":false},"excerpt":{"rendered":"<p>Du L\u1ecbch Mi\u1ec5n Ph\u00ed. Ki\u1ebfn T\u1ea1o Nh\u1eefng K\u1ef7 Ni\u1ec7m Kh\u00f3 Qu\u00ean! M\u1edf r\u1ed9ng t\u00e2m tr\u00ed v\u00e0 l\u00e0m phong ph\u00fa cu\u1ed9c s\u1ed1ng c\u1ee7a b\u1ea1n v\u1edbi nh\u1eefng k\u1ef9 ni\u1ec7m ng\u1ecdt ng\u00e0o v\u00e0 n\u1ed5i b\u1eadt. Gia nh\u1eadp c\u00e2u l\u1ea1c b\u1ed9 \u0111\u1ec3 b\u1eaft \u0111\u1ea7u l\u00ean k\u1ebf ho\u1ea1ch cho chuy\u1ebfn du l\u1ecbch c\u1ee7a b\u1ea1n v\u00e0 t\u1eadn h\u01b0\u1edfng h\u01a1n 1000 kh\u00e1ch [&hellip;]<\/p>\n","protected":false},"author":2,"featured_media":1307,"parent":1310,"menu_order":0,"comment_status":"closed","ping_status":"closed","template":"","meta":{"_acf_changed":false,"_et_pb_use_builder":"","_et_pb_old_content":"","_et_gb_content_width":"","footnotes":""},"class_list":["post-1306","page","type-page","status-publish","has-post-thumbnail","hentry"],"acf":[],"_links":{"self":[{"href":"https:\/\/my.qnproducts.digital\/vi\/wp-json\/wp\/v2\/pages\/1306","targetHints":{"allow":["GET"]}}],"collection":[{"href":"https:\/\/my.qnproducts.digital\/vi\/wp-json\/wp\/v2\/pages"}],"about":[{"href":"https:\/\/my.qnproducts.digital\/vi\/wp-json\/wp\/v2\/types\/page"}],"author":[{"embeddable":true,"href":"https:\/\/my.qnproducts.digital\/vi\/wp-json\/wp\/v2\/users\/2"}],"replies":[{"embeddable":true,"href":"https:\/\/my.qnproducts.digital\/vi\/wp-json\/wp\/v2\/comments?post=1306"}],"version-history":[{"count":0,"href":"https:\/\/my.qnproducts.digital\/vi\/wp-json\/wp\/v2\/pages\/1306\/revisions"}],"up":[{"embeddable":true,"href":"https:\/\/my.qnproducts.digital\/vi\/wp-json\/wp\/v2\/pages\/1310"}],"wp:featuredmedia":[{"embeddable":true,"href":"https:\/\/my.qnproducts.digital\/vi\/wp-json\/wp\/v2\/media\/1307"}],"wp:attachment":[{"href":"https:\/\/my.qnproducts.digital\/vi\/wp-json\/wp\/v2\/media?parent=1306"}],"curies":[{"name":"wp","href":"https:\/\/api.w.org\/{rel}","templated":true}]}}