{"id":1304,"date":"2023-08-16T13:57:36","date_gmt":"2023-08-16T13:57:36","guid":{"rendered":"https:\/\/my.qnproducts.digital\/qvi-breaks\/"},"modified":"2023-11-14T07:16:48","modified_gmt":"2023-11-14T07:16:48","slug":"qvi-breaks","status":"publish","type":"page","link":"https:\/\/my.qnproducts.digital\/vi\/holiday\/qvi-breaks\/","title":{"rendered":"QVI Breaks"},"content":{"rendered":"<p><strong>Ngh\u1ec9 ng\u01a1i th\u01b0 gi\u00e3n, t\u00ecm l\u1ea1i t\u1ef1 do trong t\u00e2m tr\u00ed!<\/strong><br \/>\n\u0110\u00f4i khi b\u1ea1n c\u1ea7n nh\u1eefng kho\u1ea3ng th\u1eddi gian ngh\u1ec9 ng\u01a1i \u0111\u1ec3 th\u01b0 gi\u00e3n v\u00e0 c\u00e2n b\u1eb1ng l\u1ea1i cu\u1ed9c s\u1ed1ng. V\u1edbi danh s\u00e1ch h\u01a1n 1000 kh\u00e1ch s\u1ea1n v\u00e0 khu ngh\u1ec9 d\u01b0\u1ee1ng, QVI Breaks s\u1ebd gi\u00fap b\u1ea1n l\u00ean k\u1ebf ho\u1ea1ch m\u1ed9t c\u00e1ch nhanh ch\u00f3ng cho k\u1ef3 ngh\u1ec9 c\u1ee7a m\u00ecnh. V\u1edbi l\u1ef1a ch\u1ecdn phong ph\u00fa t\u1eeb 3 \u0111\u1ebfn 14 \u0111\u00eam ngh\u1ec9 t\u00f9y theo nhu c\u1ea7u \u0111\u1ec3 c\u00f3 k\u1ef3 ngh\u1ec9 ng\u1eafn ho\u00e0n h\u1ea3o nh\u1ea5t. Du l\u1ecbch \u0111\u1ec3 th\u01b0 gi\u00e3n, t\u00e1i t\u1ea1o n\u0103ng l\u01b0\u1ee3ng v\u00e0 chi\u00eam nghi\u1ec7m cu\u1ed9c s\u1ed1ng.<\/p>\n","protected":false},"excerpt":{"rendered":"<p>Ngh\u1ec9 ng\u01a1i th\u01b0 gi\u00e3n, t\u00ecm l\u1ea1i t\u1ef1 do trong t\u00e2m tr\u00ed! \u0110\u00f4i khi b\u1ea1n c\u1ea7n nh\u1eefng kho\u1ea3ng th\u1eddi gian ngh\u1ec9 ng\u01a1i \u0111\u1ec3 th\u01b0 gi\u00e3n v\u00e0 c\u00e2n b\u1eb1ng l\u1ea1i cu\u1ed9c s\u1ed1ng. V\u1edbi danh s\u00e1ch h\u01a1n 1000 kh\u00e1ch s\u1ea1n v\u00e0 khu ngh\u1ec9 d\u01b0\u1ee1ng, QVI Breaks s\u1ebd gi\u00fap b\u1ea1n l\u00ean k\u1ebf ho\u1ea1ch m\u1ed9t c\u00e1ch nhanh ch\u00f3ng cho k\u1ef3 [&hellip;]<\/p>\n","protected":false},"author":2,"featured_media":1305,"parent":1310,"menu_order":0,"comment_status":"closed","ping_status":"closed","template":"","meta":{"_acf_changed":false,"_et_pb_use_builder":"","_et_pb_old_content":"","_et_gb_content_width":"","footnotes":""},"class_list":["post-1304","page","type-page","status-publish","has-post-thumbnail","hentry"],"acf":[],"_links":{"self":[{"href":"https:\/\/my.qnproducts.digital\/vi\/wp-json\/wp\/v2\/pages\/1304","targetHints":{"allow":["GET"]}}],"collection":[{"href":"https:\/\/my.qnproducts.digital\/vi\/wp-json\/wp\/v2\/pages"}],"about":[{"href":"https:\/\/my.qnproducts.digital\/vi\/wp-json\/wp\/v2\/types\/page"}],"author":[{"embeddable":true,"href":"https:\/\/my.qnproducts.digital\/vi\/wp-json\/wp\/v2\/users\/2"}],"replies":[{"embeddable":true,"href":"https:\/\/my.qnproducts.digital\/vi\/wp-json\/wp\/v2\/comments?post=1304"}],"version-history":[{"count":0,"href":"https:\/\/my.qnproducts.digital\/vi\/wp-json\/wp\/v2\/pages\/1304\/revisions"}],"up":[{"embeddable":true,"href":"https:\/\/my.qnproducts.digital\/vi\/wp-json\/wp\/v2\/pages\/1310"}],"wp:featuredmedia":[{"embeddable":true,"href":"https:\/\/my.qnproducts.digital\/vi\/wp-json\/wp\/v2\/media\/1305"}],"wp:attachment":[{"href":"https:\/\/my.qnproducts.digital\/vi\/wp-json\/wp\/v2\/media?parent=1304"}],"curies":[{"name":"wp","href":"https:\/\/api.w.org\/{rel}","templated":true}]}}