{"id":1302,"date":"2023-08-16T13:58:32","date_gmt":"2023-08-16T13:58:32","guid":{"rendered":"https:\/\/my.qnproducts.digital\/qvi-tripsavr\/"},"modified":"2023-11-14T07:18:46","modified_gmt":"2023-11-14T07:18:46","slug":"qvi-tripsavr","status":"publish","type":"page","link":"https:\/\/my.qnproducts.digital\/vi\/holiday\/qvi-tripsavr\/","title":{"rendered":"QVI Tripsavr"},"content":{"rendered":"<p><strong>\u0110\u1eb7t ph\u00f2ng. Ti\u1ebft ki\u1ec7m. Tr\u1ea3i nghi\u1ec7m. Ki\u1ebfn t\u1ea1o.<\/strong><br \/>\nN\u1ec1n t\u1ea3ng \u0111\u1eb7t ph\u00f2ng \u0111\u1ed9c \u0111\u00e1o v\u1edbi nhi\u1ec1u \u01b0u \u0111\u00e3i gi\u1ea3m gi\u00e1 tuy\u1ec7t v\u1eddi cho t\u1eebng chuy\u1ebfn \u0111i c\u1ee7a b\u1ea1n. Truy c\u1eadp v\u00e0 l\u1ef1a ch\u1ecdn h\u01a1n 1,3 tri\u1ec7u kh\u00e1ch s\u1ea1n v\u00e0 khu ngh\u1ec9 d\u01b0\u1ee1ng, h\u01a1n 30.000 \u0111i\u1ec3m cho thu\u00ea \u00f4 t\u00f4 v\u00e0 400.000 ho\u1ea1t \u0111\u1ed9ng \u0111\u1ec3 l\u00e0m phong ph\u00fa k\u1ef3 ngh\u1ec9 c\u1ee7a b\u1ea1n. Ti\u1ebft ki\u1ec7m nhi\u1ec1u h\u01a1n v\u00e0 \u0111\u01b0\u1ee3c l\u1ee3i nhi\u1ec1u h\u01a1n ngay c\u1ea3 khi b\u1ea1n \u0111ang kh\u00e1m ph\u00e1 th\u1ebf gi\u1edbi.<\/p>\n","protected":false},"excerpt":{"rendered":"<p>\u0110\u1eb7t ph\u00f2ng. Ti\u1ebft ki\u1ec7m. Tr\u1ea3i nghi\u1ec7m. Ki\u1ebfn t\u1ea1o. N\u1ec1n t\u1ea3ng \u0111\u1eb7t ph\u00f2ng \u0111\u1ed9c \u0111\u00e1o v\u1edbi nhi\u1ec1u \u01b0u \u0111\u00e3i gi\u1ea3m gi\u00e1 tuy\u1ec7t v\u1eddi cho t\u1eebng chuy\u1ebfn \u0111i c\u1ee7a b\u1ea1n. Truy c\u1eadp v\u00e0 l\u1ef1a ch\u1ecdn h\u01a1n 1,3 tri\u1ec7u kh\u00e1ch s\u1ea1n v\u00e0 khu ngh\u1ec9 d\u01b0\u1ee1ng, h\u01a1n 30.000 \u0111i\u1ec3m cho thu\u00ea \u00f4 t\u00f4 v\u00e0 400.000 ho\u1ea1t \u0111\u1ed9ng \u0111\u1ec3 l\u00e0m [&hellip;]<\/p>\n","protected":false},"author":2,"featured_media":1303,"parent":1310,"menu_order":0,"comment_status":"closed","ping_status":"closed","template":"","meta":{"_acf_changed":false,"_et_pb_use_builder":"","_et_pb_old_content":"","_et_gb_content_width":"","footnotes":""},"class_list":["post-1302","page","type-page","status-publish","has-post-thumbnail","hentry"],"acf":[],"_links":{"self":[{"href":"https:\/\/my.qnproducts.digital\/vi\/wp-json\/wp\/v2\/pages\/1302","targetHints":{"allow":["GET"]}}],"collection":[{"href":"https:\/\/my.qnproducts.digital\/vi\/wp-json\/wp\/v2\/pages"}],"about":[{"href":"https:\/\/my.qnproducts.digital\/vi\/wp-json\/wp\/v2\/types\/page"}],"author":[{"embeddable":true,"href":"https:\/\/my.qnproducts.digital\/vi\/wp-json\/wp\/v2\/users\/2"}],"replies":[{"embeddable":true,"href":"https:\/\/my.qnproducts.digital\/vi\/wp-json\/wp\/v2\/comments?post=1302"}],"version-history":[{"count":0,"href":"https:\/\/my.qnproducts.digital\/vi\/wp-json\/wp\/v2\/pages\/1302\/revisions"}],"up":[{"embeddable":true,"href":"https:\/\/my.qnproducts.digital\/vi\/wp-json\/wp\/v2\/pages\/1310"}],"wp:featuredmedia":[{"embeddable":true,"href":"https:\/\/my.qnproducts.digital\/vi\/wp-json\/wp\/v2\/media\/1303"}],"wp:attachment":[{"href":"https:\/\/my.qnproducts.digital\/vi\/wp-json\/wp\/v2\/media?parent=1302"}],"curies":[{"name":"wp","href":"https:\/\/api.w.org\/{rel}","templated":true}]}}