{"id":1299,"date":"2023-08-16T14:08:05","date_gmt":"2023-08-16T14:08:05","guid":{"rendered":"https:\/\/my.qnproducts.digital\/homepure-nova-pi-plus\/"},"modified":"2023-11-14T07:03:11","modified_gmt":"2023-11-14T07:03:11","slug":"homepure-nova-pi-plus","status":"publish","type":"page","link":"https:\/\/my.qnproducts.digital\/vi\/home-and-living\/homepure-nova-pi-plus\/","title":{"rendered":"HomePure Nova Pi-Plus"},"content":{"rendered":"<p><strong>H\u1ec7 th\u1ed1ng l\u1ecdc n\u01b0\u1edbc HomePure Nova<\/strong><br \/>\nH\u1ec7 th\u1ed1ng l\u1ecdc n\u01b0\u1edbc 9 b\u01b0\u1edbc h\u00e0ng \u0111\u1ea7u th\u1ebf gi\u1edbi c\u1ee7a ch\u00fang t\u00f4i \u0111\u00e3 \u0111\u01b0\u1ee3c n\u00e2ng l\u00ean m\u1ed9t t\u1ea7m cao m\u1edbi, gi\u1edd \u0111\u00e2y \u0111\u01b0\u1ee3c b\u1ed5 sung 15% l\u01b0\u1ee3ng h\u1ea1t g\u1ed1m n\u01b0\u1edbc Pi.<br \/>\nMang l\u1ea1i cho gia \u0111\u00ecnh b\u1ea1n m\u00f3n qu\u00e0 N\u01b0\u1edbc Pi s\u1ea1ch, an to\u00e0n v\u00e0 gi\u00e0u d\u01b0\u1ee1ng ch\u1ea5t.<\/p>\n<p><strong>N\u01b0\u1edbc Pi l\u00e0 g\u00ec?<\/strong><br \/>\nN\u01b0\u1edbc Pi \u0111\u01b0\u1ee3c ph\u00e1t hi\u1ec7n v\u00e0o n\u0103m 1964 b\u1edfi Ti\u1ebfn s\u0129 Akihiro Yamashita, n\u01b0\u1edbc Pi kh\u00e1 t\u01b0\u01a1ng \u0111\u1ed3ng v\u1edbi n\u01b0\u1edbc trong c\u01a1 th\u1ec3 c\u1ee7a ch\u00fang ta (n\u01b0\u1edbc c\u1ee7a c\u01a1 th\u1ec3 s\u1ed1ng). Lo\u1ea1i n\u01b0\u1edbc n\u00e0y gi\u00fap c\u01a1 th\u1ec3 h\u1ea5p th\u1ee5 nhi\u1ec1u h\u01a1n \u00f4-xy v\u00e0 c\u00e1c ch\u1ea5t kho\u00e1ng c\u00f3 trong n\u01b0\u1edbc u\u1ed1ng, k\u00edch th\u00edch ph\u1ea3n \u1ee9ng mi\u1ec5n d\u1ecbch v\u00e0 ti\u00eau di\u1ec7t c\u00e1c g\u1ed1c t\u1ef1 do.<\/p>\n<p>Hi\u1ec7n nay, h\u1ec7 th\u1ed1ng l\u1ecdc n\u01b0\u1edbc b\u00e1n ch\u1ea1y nh\u1ea5t tr\u00ean th\u1ecb tr\u01b0\u1eddng qu\u1ed1c t\u1ebf \u0111\u01b0\u1ee3c c\u1ea3i ti\u1ebfn v\u1edbi h\u1ec7 th\u1ed1ng l\u00f5i l\u1ecdc 9 b\u01b0\u1edbc Pi-plus m\u1edbi t\u0103ng \u0111\u1ebfn 15% l\u01b0\u1ee3ng h\u1ea1t g\u1ed1m n\u01b0\u1edbc Pi. \u0110i\u1ec1u n\u00e0y c\u00f3 ngh\u0129a l\u00e0 c\u01a1 th\u1ec3 ch\u00fang ta s\u1ebd h\u1ea5p th\u1ee5 \u0111\u01b0\u1ee3c nhi\u1ec1u d\u01b0\u1ee1ng ch\u1ea5t h\u01a1n, n\u01b0\u1edbc Pi mang l\u1ea1i hi\u1ec7u qu\u1ea3 cao h\u01a1n v\u00e0 ch\u1ed1ng \u00f4-xy h\u00f3a m\u1ea1nh m\u1ebd h\u01a1n.<\/p>\n","protected":false},"excerpt":{"rendered":"<p>H\u1ec7 th\u1ed1ng l\u1ecdc n\u01b0\u1edbc HomePure Nova H\u1ec7 th\u1ed1ng l\u1ecdc n\u01b0\u1edbc 9 b\u01b0\u1edbc h\u00e0ng \u0111\u1ea7u th\u1ebf gi\u1edbi c\u1ee7a ch\u00fang t\u00f4i \u0111\u00e3 \u0111\u01b0\u1ee3c n\u00e2ng l\u00ean m\u1ed9t t\u1ea7m cao m\u1edbi, gi\u1edd \u0111\u00e2y \u0111\u01b0\u1ee3c b\u1ed5 sung 15% l\u01b0\u1ee3ng h\u1ea1t g\u1ed1m n\u01b0\u1edbc Pi. Mang l\u1ea1i cho gia \u0111\u00ecnh b\u1ea1n m\u00f3n qu\u00e0 N\u01b0\u1edbc Pi s\u1ea1ch, an to\u00e0n v\u00e0 gi\u00e0u d\u01b0\u1ee1ng ch\u1ea5t. [&hellip;]<\/p>\n","protected":false},"author":2,"featured_media":1301,"parent":1316,"menu_order":0,"comment_status":"closed","ping_status":"closed","template":"","meta":{"_acf_changed":false,"_et_pb_use_builder":"","_et_pb_old_content":"","_et_gb_content_width":"","footnotes":""},"class_list":["post-1299","page","type-page","status-publish","has-post-thumbnail","hentry"],"acf":[],"_links":{"self":[{"href":"https:\/\/my.qnproducts.digital\/vi\/wp-json\/wp\/v2\/pages\/1299","targetHints":{"allow":["GET"]}}],"collection":[{"href":"https:\/\/my.qnproducts.digital\/vi\/wp-json\/wp\/v2\/pages"}],"about":[{"href":"https:\/\/my.qnproducts.digital\/vi\/wp-json\/wp\/v2\/types\/page"}],"author":[{"embeddable":true,"href":"https:\/\/my.qnproducts.digital\/vi\/wp-json\/wp\/v2\/users\/2"}],"replies":[{"embeddable":true,"href":"https:\/\/my.qnproducts.digital\/vi\/wp-json\/wp\/v2\/comments?post=1299"}],"version-history":[{"count":0,"href":"https:\/\/my.qnproducts.digital\/vi\/wp-json\/wp\/v2\/pages\/1299\/revisions"}],"up":[{"embeddable":true,"href":"https:\/\/my.qnproducts.digital\/vi\/wp-json\/wp\/v2\/pages\/1316"}],"wp:featuredmedia":[{"embeddable":true,"href":"https:\/\/my.qnproducts.digital\/vi\/wp-json\/wp\/v2\/media\/1301"}],"wp:attachment":[{"href":"https:\/\/my.qnproducts.digital\/vi\/wp-json\/wp\/v2\/media?parent=1299"}],"curies":[{"name":"wp","href":"https:\/\/api.w.org\/{rel}","templated":true}]}}