{"id":1293,"date":"2023-08-16T14:11:18","date_gmt":"2023-08-16T14:11:18","guid":{"rendered":"https:\/\/my.qnproducts.digital\/homepure-zayn-antiviral-blitz\/"},"modified":"2023-11-14T07:09:29","modified_gmt":"2023-11-14T07:09:29","slug":"homepure-zayn-antiviral-blitz","status":"publish","type":"page","link":"https:\/\/my.qnproducts.digital\/vi\/home-and-living\/homepure-zayn-antiviral-blitz\/","title":{"rendered":"HomePure Zayn Antiviral Blitz"},"content":{"rendered":"<p><strong>M\u00e1y l\u1ecdc kh\u00f4ng kh\u00ed HomePure Zayn &#8211; m\u00e1y si\u00eau l\u1ecdc kh\u00e1ng vi-r\u00fat c\u1ee7a b\u1ea1n!<\/strong><br \/>\nM\u00e1y l\u1ecdc kh\u00f4ng kh\u00ed HomePure Zayn m\u1edbi v\u1edbi h\u1ec7 th\u1ed1ng l\u1ecdc 6 b\u01b0\u1edbc v\u00e0 s\u1ef1 b\u1ea3o v\u1ec7 c\u1ee7a b\u1ed9 l\u1ecdc ba l\u1edbp HPP+ m\u1ea1nh m\u1ebd gi\u00fap l\u00e0m s\u1ea1ch kh\u00f4ng kh\u00ed xung quanh b\u1ea1n ngay tr\u01b0\u1edbc khi b\u1ea1n h\u00edt th\u1edf. M\u00e1y l\u1ecdc l\u00e0m s\u1ea1ch kh\u00f4ng gian trong nh\u00e0 b\u1ea1n b\u1eb1ng c\u00e1ch lo\u1ea1i b\u1ecf \u0111\u1ebfn 99,8% vi khu\u1ea9n trong kh\u00f4ng kh\u00ed, c\u00e1c h\u1ee3p ch\u1ea5t h\u1eefu c\u01a1 d\u1ec5 bay h\u01a1i (VOC) v\u00e0 m\u00f9i kh\u00f3 ch\u1ecbu.<\/p>\n<p>Ngo\u00e0i ra, v\u1edbi l\u01b0\u1edbi l\u1ecdc th\u1ebf h\u1ec7 m\u1edbi v\u1edbi kh\u1ea3 n\u0103ng ch\u1ed1ng vi-r\u00fat c\u1ee7a HomePure Zayn mang \u0111\u1ebfn m\u1ed9t l\u1edbp l\u1ecdc c\u00f3 kh\u1ea3 n\u0103ng l\u00e0m gi\u1ea3m 99,94% vi-r\u00fat trong kh\u00f4ng kh\u00ed, v\u00ed d\u1ee5 nh\u01b0 vi-r\u00fat SARS-CoV-2 (bi\u1ebfn th\u1ec3 Omicron\/B.1.1.529).<\/p>\n<p>\u0110\u01b0\u1ee3c nghi\u00ean c\u1ee9u t\u1ea1i Th\u1ee5y S\u0129, s\u1ea3n xu\u1ea5t t\u1ea1i H\u00e0n Qu\u1ed1c, \u0111\u01b0\u1ee3c th\u1eed nghi\u1ec7m v\u00e0 ch\u1ee9ng nh\u1eadn b\u1edfi Trung t\u00e2m c\u1ee7a Qu\u1ef9 Nghi\u00ean c\u1ee9u D\u1ecb \u1ee9ng Ch\u00e2u \u00c2u (ECARF), HomePure Zayn k\u1ebft h\u1ee3p c\u00f9ng c\u00f4ng ngh\u1ec7 c\u1ee7a t\u1ea5m t\u0129nh \u0111i\u1ec7n HPP+, tia c\u1ef1c t\u00edm (UV), c\u00f4ng ngh\u1ec7 l\u1ecdc Ultra-Plasma Ion v\u00e0 m\u00e0ng l\u1ecdc ch\u1ed1ng vi-r\u00fat HPP+ t\u1ea1o th\u00e0nh m\u1ed9t chi\u1ebfc m\u00e1y m\u1ea1nh m\u1ebd v\u1edbi thi\u1ebft k\u1ebf \u0111\u1eb9p m\u1eaft \u0111\u1ec3 cung c\u1ea5p kh\u00f4ng kh\u00ed s\u1ea1ch v\u00e0 an to\u00e0n cho t\u1ed5 \u1ea5m c\u1ee7a b\u1ea1n m\u1ed7i ng\u00e0y.<\/p>\n","protected":false},"excerpt":{"rendered":"<p>M\u00e1y l\u1ecdc kh\u00f4ng kh\u00ed HomePure Zayn &#8211; m\u00e1y si\u00eau l\u1ecdc kh\u00e1ng vi-r\u00fat c\u1ee7a b\u1ea1n! M\u00e1y l\u1ecdc kh\u00f4ng kh\u00ed HomePure Zayn m\u1edbi v\u1edbi h\u1ec7 th\u1ed1ng l\u1ecdc 6 b\u01b0\u1edbc v\u00e0 s\u1ef1 b\u1ea3o v\u1ec7 c\u1ee7a b\u1ed9 l\u1ecdc ba l\u1edbp HPP+ m\u1ea1nh m\u1ebd gi\u00fap l\u00e0m s\u1ea1ch kh\u00f4ng kh\u00ed xung quanh b\u1ea1n ngay tr\u01b0\u1edbc khi b\u1ea1n h\u00edt th\u1edf. M\u00e1y l\u1ecdc [&hellip;]<\/p>\n","protected":false},"author":2,"featured_media":1295,"parent":1316,"menu_order":0,"comment_status":"closed","ping_status":"closed","template":"","meta":{"_acf_changed":false,"_et_pb_use_builder":"off","_et_pb_old_content":"<strong>M\u00e1y l\u1ecdc kh\u00f4ng kh\u00ed HomePure Zayn - m\u00e1y si\u00eau l\u1ecdc kh\u00e1ng vi-r\u00fat c\u1ee7a b\u1ea1n!<\/strong>\r\nM\u00e1y l\u1ecdc kh\u00f4ng kh\u00ed HomePure Zayn m\u1edbi v\u1edbi h\u1ec7 th\u1ed1ng l\u1ecdc 6 b\u01b0\u1edbc v\u00e0 s\u1ef1 b\u1ea3o v\u1ec7 c\u1ee7a b\u1ed9 l\u1ecdc ba l\u1edbp HPP+ m\u1ea1nh m\u1ebd gi\u00fap l\u00e0m s\u1ea1ch kh\u00f4ng kh\u00ed xung quanh b\u1ea1n ngay tr\u01b0\u1edbc khi b\u1ea1n h\u00edt th\u1edf. M\u00e1y l\u1ecdc l\u00e0m s\u1ea1ch kh\u00f4ng gian trong nh\u00e0 b\u1ea1n b\u1eb1ng c\u00e1ch lo\u1ea1i b\u1ecf \u0111\u1ebfn 99,8% vi khu\u1ea9n trong kh\u00f4ng kh\u00ed, c\u00e1c h\u1ee3p ch\u1ea5t h\u1eefu c\u01a1 d\u1ec5 bay h\u01a1i (VOC) v\u00e0 m\u00f9i kh\u00f3 ch\u1ecbu.\r\n\r\nNgo\u00e0i ra, v\u1edbi l\u01b0\u1edbi l\u1ecdc th\u1ebf h\u1ec7 m\u1edbi v\u1edbi kh\u1ea3 n\u0103ng ch\u1ed1ng vi-r\u00fat c\u1ee7a HomePure Zayn mang \u0111\u1ebfn m\u1ed9t l\u1edbp l\u1ecdc c\u00f3 kh\u1ea3 n\u0103ng l\u00e0m gi\u1ea3m 99,94% vi-r\u00fat trong kh\u00f4ng kh\u00ed, v\u00ed d\u1ee5 nh\u01b0 vi-r\u00fat SARS-CoV-2 (bi\u1ebfn th\u1ec3 Omicron\/B.1.1.529).\r\n\r\n\u0110\u01b0\u1ee3c nghi\u00ean c\u1ee9u t\u1ea1i Th\u1ee5y S\u0129, s\u1ea3n xu\u1ea5t t\u1ea1i H\u00e0n Qu\u1ed1c, \u0111\u01b0\u1ee3c th\u1eed nghi\u1ec7m v\u00e0 ch\u1ee9ng nh\u1eadn b\u1edfi Trung t\u00e2m c\u1ee7a Qu\u1ef9 Nghi\u00ean c\u1ee9u D\u1ecb \u1ee9ng Ch\u00e2u \u00c2u (ECARF), HomePure Zayn k\u1ebft h\u1ee3p c\u00f9ng c\u00f4ng ngh\u1ec7 c\u1ee7a t\u1ea5m t\u0129nh \u0111i\u1ec7n HPP+, tia c\u1ef1c t\u00edm (UV), c\u00f4ng ngh\u1ec7 l\u1ecdc Ultra-Plasma Ion v\u00e0 m\u00e0ng l\u1ecdc ch\u1ed1ng vi-r\u00fat HPP+ t\u1ea1o th\u00e0nh m\u1ed9t chi\u1ebfc m\u00e1y m\u1ea1nh m\u1ebd v\u1edbi thi\u1ebft k\u1ebf \u0111\u1eb9p m\u1eaft \u0111\u1ec3 cung c\u1ea5p kh\u00f4ng kh\u00ed s\u1ea1ch v\u00e0 an to\u00e0n cho t\u1ed5 \u1ea5m c\u1ee7a b\u1ea1n m\u1ed7i ng\u00e0y.","_et_gb_content_width":"","footnotes":""},"class_list":["post-1293","page","type-page","status-publish","has-post-thumbnail","hentry"],"acf":[],"_links":{"self":[{"href":"https:\/\/my.qnproducts.digital\/vi\/wp-json\/wp\/v2\/pages\/1293","targetHints":{"allow":["GET"]}}],"collection":[{"href":"https:\/\/my.qnproducts.digital\/vi\/wp-json\/wp\/v2\/pages"}],"about":[{"href":"https:\/\/my.qnproducts.digital\/vi\/wp-json\/wp\/v2\/types\/page"}],"author":[{"embeddable":true,"href":"https:\/\/my.qnproducts.digital\/vi\/wp-json\/wp\/v2\/users\/2"}],"replies":[{"embeddable":true,"href":"https:\/\/my.qnproducts.digital\/vi\/wp-json\/wp\/v2\/comments?post=1293"}],"version-history":[{"count":0,"href":"https:\/\/my.qnproducts.digital\/vi\/wp-json\/wp\/v2\/pages\/1293\/revisions"}],"up":[{"embeddable":true,"href":"https:\/\/my.qnproducts.digital\/vi\/wp-json\/wp\/v2\/pages\/1316"}],"wp:featuredmedia":[{"embeddable":true,"href":"https:\/\/my.qnproducts.digital\/vi\/wp-json\/wp\/v2\/media\/1295"}],"wp:attachment":[{"href":"https:\/\/my.qnproducts.digital\/vi\/wp-json\/wp\/v2\/media?parent=1293"}],"curies":[{"name":"wp","href":"https:\/\/api.w.org\/{rel}","templated":true}]}}