{"id":1290,"date":"2023-08-16T14:34:26","date_gmt":"2023-08-16T14:34:26","guid":{"rendered":"https:\/\/my.qnproducts.digital\/chi-pendant-4\/"},"modified":"2023-12-01T05:02:42","modified_gmt":"2023-12-01T05:02:42","slug":"chi-pendant-4","status":"publish","type":"page","link":"https:\/\/my.qnproducts.digital\/vi\/wellness\/chi-pendant-4\/","title":{"rendered":"Chi Pendant 4"},"content":{"rendered":"<p><strong>H\u00e0i h\u00f2a n\u0103ng l\u01b0\u1ee3ng s\u1ed1ng c\u1ee7a b\u1ea1n.<\/strong> Thi\u1ebft k\u1ebf trung t\u00ednh \u0111\u1ea7y \u0111\u1ed9t ph\u00e1 c\u1ee7a M\u1eb7t d\u00e2y chuy\u1ec1n Chi Pendant 4 \u0111\u01b0\u1ee3c d\u1ef1a tr\u00ean h\u00ecnh h\u1ecdc thi\u00eang li\u00eang c\u1ee7a B\u00f4ng hoa c\u1ee7a S\u1ef1 s\u1ed1ng v\u00e0 c\u00f4ng ngh\u1ec7 \u0111\u1ed9t ph\u00e1 \u0111\u1ea7y m\u1ea1nh m\u1ebd c\u1ee7a Amezcua. C\u00f4ng ngh\u1ec7 n\u00e0y gi\u00fap duy tr\u00ec nh\u1eefng t\u1ea7n s\u1ed1 \u0111\u1eb7c bi\u1ec7t, l\u00e0m h\u00e0i h\u00f2a v\u00e0 c\u00e2n b\u1eb1ng tr\u01b0\u1eddng sinh h\u1ecdc (tr\u01b0\u1eddng n\u0103ng l\u01b0\u1ee3ng) c\u1ee7a ng\u01b0\u1eddi s\u1eed d\u1ee5ng, t\u0103ng s\u1ee9c kh\u1ecfe to\u00e0n di\u1ec7n cho c\u01a1 th\u1ec3 v\u00e0 t\u1ed1i \u01b0u hi\u1ec7u su\u1ea5t cho cu\u1ed9c s\u1ed1ng hi\u1ec7n \u0111\u1ea1i \u0111\u1ea7y b\u1eadn r\u1ed9n.<\/p>\n","protected":false},"excerpt":{"rendered":"<p>H\u00e0i h\u00f2a n\u0103ng l\u01b0\u1ee3ng s\u1ed1ng c\u1ee7a b\u1ea1n. Thi\u1ebft k\u1ebf trung t\u00ednh \u0111\u1ea7y \u0111\u1ed9t ph\u00e1 c\u1ee7a M\u1eb7t d\u00e2y chuy\u1ec1n Chi Pendant 4 \u0111\u01b0\u1ee3c d\u1ef1a tr\u00ean h\u00ecnh h\u1ecdc thi\u00eang li\u00eang c\u1ee7a B\u00f4ng hoa c\u1ee7a S\u1ef1 s\u1ed1ng v\u00e0 c\u00f4ng ngh\u1ec7 \u0111\u1ed9t ph\u00e1 \u0111\u1ea7y m\u1ea1nh m\u1ebd c\u1ee7a Amezcua. C\u00f4ng ngh\u1ec7 n\u00e0y gi\u00fap duy tr\u00ec nh\u1eefng t\u1ea7n s\u1ed1 \u0111\u1eb7c bi\u1ec7t, [&hellip;]<\/p>\n","protected":false},"author":2,"featured_media":1291,"parent":1292,"menu_order":0,"comment_status":"closed","ping_status":"closed","template":"","meta":{"_acf_changed":false,"_et_pb_use_builder":"off","_et_pb_old_content":"","_et_gb_content_width":"","footnotes":""},"class_list":["post-1290","page","type-page","status-publish","has-post-thumbnail","hentry"],"acf":[],"_links":{"self":[{"href":"https:\/\/my.qnproducts.digital\/vi\/wp-json\/wp\/v2\/pages\/1290","targetHints":{"allow":["GET"]}}],"collection":[{"href":"https:\/\/my.qnproducts.digital\/vi\/wp-json\/wp\/v2\/pages"}],"about":[{"href":"https:\/\/my.qnproducts.digital\/vi\/wp-json\/wp\/v2\/types\/page"}],"author":[{"embeddable":true,"href":"https:\/\/my.qnproducts.digital\/vi\/wp-json\/wp\/v2\/users\/2"}],"replies":[{"embeddable":true,"href":"https:\/\/my.qnproducts.digital\/vi\/wp-json\/wp\/v2\/comments?post=1290"}],"version-history":[{"count":0,"href":"https:\/\/my.qnproducts.digital\/vi\/wp-json\/wp\/v2\/pages\/1290\/revisions"}],"up":[{"embeddable":true,"href":"https:\/\/my.qnproducts.digital\/vi\/wp-json\/wp\/v2\/pages\/1292"}],"wp:featuredmedia":[{"embeddable":true,"href":"https:\/\/my.qnproducts.digital\/vi\/wp-json\/wp\/v2\/media\/1291"}],"wp:attachment":[{"href":"https:\/\/my.qnproducts.digital\/vi\/wp-json\/wp\/v2\/media?parent=1290"}],"curies":[{"name":"wp","href":"https:\/\/api.w.org\/{rel}","templated":true}]}}