{"id":1287,"date":"2023-08-16T14:37:09","date_gmt":"2023-08-16T14:37:09","guid":{"rendered":"https:\/\/my.qnproducts.digital\/bio-light-3\/"},"modified":"2023-11-14T06:59:22","modified_gmt":"2023-11-14T06:59:22","slug":"bio-light-3","status":"publish","type":"page","link":"https:\/\/my.qnproducts.digital\/vi\/wellness\/bio-light-3\/","title":{"rendered":"Bio Light 3"},"content":{"rendered":"<p><strong>L\u00e0m b\u1eebng s\u00e1ng cu\u1ed9c \u0111\u1eddi b\u1ea1n<\/strong><\/p>\n<p>\u0110\u00e8n sinh h\u1ecdc Bio Light 3 c\u1ee7a Amezcua \u0111\u1ea1i di\u1ec7n cho cu\u1ed9c c\u00e1ch m\u1ea1ng v\u1ec1 tr\u1ecb li\u1ec7u b\u1eb1ng \u00e1nh s\u00e1ng biophoton. Gi\u1edd \u0111\u00e2y, d\u00f9 \u1edf b\u1ea5t c\u1ee9 \u0111\u00e2u, b\u1ea1n \u0111\u1ec1u c\u00f3 th\u1ec3 nh\u1eadn \u0111\u01b0\u1ee3c nh\u1eefng l\u1ee3i \u00edch c\u1ee7a vi\u1ec7c tr\u1ecb li\u1ec7u \u00e1nh s\u00e1ng trong m\u00f4i tr\u01b0\u1eddng an to\u00e0n. S\u1ea3n ph\u1ea9m cao c\u1ea5p n\u00e0y \u0111\u01b0\u1ee3c thi\u1ebft k\u1ebf \u0111\u1ec3 s\u1eed d\u1ee5ng \u0111\u1ed3ng th\u1eddi c\u00f9ng \u0110\u0129a sinh h\u1ecdc Bio Disc 3 v\u00e0 h\u1ed7 tr\u1ee3 \u0111i\u1ec1u h\u00f2a c\u00e1c ch\u1ee9c n\u0103ng c\u1ee7a c\u01a1 th\u1ec3, ph\u1ee5c h\u1ed3i c\u1ea3m gi\u00e1c tho\u1ea3i m\u00e1i v\u00e0 kh\u1ecfe m\u1ea1nh.<\/p>\n","protected":false},"excerpt":{"rendered":"<p>L\u00e0m b\u1eebng s\u00e1ng cu\u1ed9c \u0111\u1eddi b\u1ea1n \u0110\u00e8n sinh h\u1ecdc Bio Light 3 c\u1ee7a Amezcua \u0111\u1ea1i di\u1ec7n cho cu\u1ed9c c\u00e1ch m\u1ea1ng v\u1ec1 tr\u1ecb li\u1ec7u b\u1eb1ng \u00e1nh s\u00e1ng biophoton. Gi\u1edd \u0111\u00e2y, d\u00f9 \u1edf b\u1ea5t c\u1ee9 \u0111\u00e2u, b\u1ea1n \u0111\u1ec1u c\u00f3 th\u1ec3 nh\u1eadn \u0111\u01b0\u1ee3c nh\u1eefng l\u1ee3i \u00edch c\u1ee7a vi\u1ec7c tr\u1ecb li\u1ec7u \u00e1nh s\u00e1ng trong m\u00f4i tr\u01b0\u1eddng an to\u00e0n. S\u1ea3n [&hellip;]<\/p>\n","protected":false},"author":2,"featured_media":1286,"parent":1292,"menu_order":0,"comment_status":"closed","ping_status":"closed","template":"","meta":{"_acf_changed":false,"_et_pb_use_builder":"","_et_pb_old_content":"","_et_gb_content_width":"","footnotes":""},"class_list":["post-1287","page","type-page","status-publish","has-post-thumbnail","hentry"],"acf":[],"_links":{"self":[{"href":"https:\/\/my.qnproducts.digital\/vi\/wp-json\/wp\/v2\/pages\/1287","targetHints":{"allow":["GET"]}}],"collection":[{"href":"https:\/\/my.qnproducts.digital\/vi\/wp-json\/wp\/v2\/pages"}],"about":[{"href":"https:\/\/my.qnproducts.digital\/vi\/wp-json\/wp\/v2\/types\/page"}],"author":[{"embeddable":true,"href":"https:\/\/my.qnproducts.digital\/vi\/wp-json\/wp\/v2\/users\/2"}],"replies":[{"embeddable":true,"href":"https:\/\/my.qnproducts.digital\/vi\/wp-json\/wp\/v2\/comments?post=1287"}],"version-history":[{"count":0,"href":"https:\/\/my.qnproducts.digital\/vi\/wp-json\/wp\/v2\/pages\/1287\/revisions"}],"up":[{"embeddable":true,"href":"https:\/\/my.qnproducts.digital\/vi\/wp-json\/wp\/v2\/pages\/1292"}],"wp:featuredmedia":[{"embeddable":true,"href":"https:\/\/my.qnproducts.digital\/vi\/wp-json\/wp\/v2\/media\/1286"}],"wp:attachment":[{"href":"https:\/\/my.qnproducts.digital\/vi\/wp-json\/wp\/v2\/media?parent=1287"}],"curies":[{"name":"wp","href":"https:\/\/api.w.org\/{rel}","templated":true}]}}