{"id":1258,"date":"2023-08-16T14:37:09","date_gmt":"2023-08-16T14:37:09","guid":{"rendered":"https:\/\/my.qnproducts.digital\/wellness\/bio-light-3\/"},"modified":"2024-01-18T09:10:51","modified_gmt":"2024-01-18T09:10:51","slug":"bio-light-3","status":"publish","type":"page","link":"https:\/\/my.qnproducts.digital\/fr\/wellness\/bio-light-3\/","title":{"rendered":"Bio Light 3"},"content":{"rendered":"<p><strong>Illuminez vos vies<\/strong><\/p>\n<p>Amezcua Bio Light 3 repr\u00e9sente une innovation r\u00e9volutionnaire dans la luminoth\u00e9rapie par biophoton. Maintenant, quel que soit le lieu o\u00f9 vous vous trouvez, vous obtiendrez les avantages de la luminoth\u00e9rapie dans un environnement s\u00fbr. Ce produit avanc\u00e9 est con\u00e7u pour une utilisation avec Bio Disc 3 et contribue \u00e0 r\u00e9guler les fonctions corporelles, tout en r\u00e9tablissant le sens du confort et du bien-\u00eatre.<\/p>\n","protected":false},"excerpt":{"rendered":"<p>Illuminez vos vies Amezcua Bio Light 3 repr\u00e9sente une innovation r\u00e9volutionnaire dans la luminoth\u00e9rapie par biophoton. Maintenant, quel que soit le lieu o\u00f9 vous vous trouvez, vous obtiendrez les avantages de la luminoth\u00e9rapie dans un environnement s\u00fbr. Ce produit avanc\u00e9 est con\u00e7u pour une utilisation avec Bio Disc 3 et contribue \u00e0 r\u00e9guler les fonctions [&hellip;]<\/p>\n","protected":false},"author":2,"featured_media":838,"parent":1252,"menu_order":0,"comment_status":"closed","ping_status":"closed","template":"","meta":{"_acf_changed":false,"_et_pb_use_builder":"","_et_pb_old_content":"","_et_gb_content_width":"","footnotes":""},"class_list":["post-1258","page","type-page","status-publish","has-post-thumbnail","hentry"],"acf":[],"_links":{"self":[{"href":"https:\/\/my.qnproducts.digital\/fr\/wp-json\/wp\/v2\/pages\/1258","targetHints":{"allow":["GET"]}}],"collection":[{"href":"https:\/\/my.qnproducts.digital\/fr\/wp-json\/wp\/v2\/pages"}],"about":[{"href":"https:\/\/my.qnproducts.digital\/fr\/wp-json\/wp\/v2\/types\/page"}],"author":[{"embeddable":true,"href":"https:\/\/my.qnproducts.digital\/fr\/wp-json\/wp\/v2\/users\/2"}],"replies":[{"embeddable":true,"href":"https:\/\/my.qnproducts.digital\/fr\/wp-json\/wp\/v2\/comments?post=1258"}],"version-history":[{"count":0,"href":"https:\/\/my.qnproducts.digital\/fr\/wp-json\/wp\/v2\/pages\/1258\/revisions"}],"up":[{"embeddable":true,"href":"https:\/\/my.qnproducts.digital\/fr\/wp-json\/wp\/v2\/pages\/1252"}],"wp:featuredmedia":[{"embeddable":true,"href":"https:\/\/my.qnproducts.digital\/fr\/wp-json\/wp\/v2\/media\/838"}],"wp:attachment":[{"href":"https:\/\/my.qnproducts.digital\/fr\/wp-json\/wp\/v2\/media?parent=1258"}],"curies":[{"name":"wp","href":"https:\/\/api.w.org\/{rel}","templated":true}]}}