{"id":1255,"date":"2023-08-16T14:36:19","date_gmt":"2023-08-16T14:36:19","guid":{"rendered":"https:\/\/my.qnproducts.digital\/wellness\/bio-disc-3\/"},"modified":"2024-01-18T09:10:02","modified_gmt":"2024-01-18T09:10:02","slug":"bio-disc-3","status":"publish","type":"page","link":"https:\/\/my.qnproducts.digital\/fr\/wellness\/bio-disc-3\/","title":{"rendered":"Bio Disc 3"},"content":{"rendered":"<p><strong>En utilisant le pouvoir des vibrations subtiles de la nature<\/strong><\/p>\n<p>Amezcua Bio Disc 3 cr\u00e9e des vibrations subtiles pour restructurer l&rsquo;eau en utilisant la force de l&rsquo;\u00e9nergie quantique en m\u00eame temps que la g\u00e9om\u00e9trie de la nature et la structure des ondes. Certifi\u00e9 par plusieurs instituts scientifiques, Bio Disc 3 est reconnu comme une mani\u00e8re prouv\u00e9e et s\u00fbre d&rsquo;harmoniser votre \u00e9nergie et \u00e9lever la qualit\u00e9 de votre vie.<\/p>\n","protected":false},"excerpt":{"rendered":"<p>En utilisant le pouvoir des vibrations subtiles de la nature Amezcua Bio Disc 3 cr\u00e9e des vibrations subtiles pour restructurer l&rsquo;eau en utilisant la force de l&rsquo;\u00e9nergie quantique en m\u00eame temps que la g\u00e9om\u00e9trie de la nature et la structure des ondes. Certifi\u00e9 par plusieurs instituts scientifiques, Bio Disc 3 est reconnu comme une mani\u00e8re [&hellip;]<\/p>\n","protected":false},"author":2,"featured_media":843,"parent":1252,"menu_order":0,"comment_status":"closed","ping_status":"closed","template":"","meta":{"_acf_changed":false,"_et_pb_use_builder":"","_et_pb_old_content":"","_et_gb_content_width":"","footnotes":""},"class_list":["post-1255","page","type-page","status-publish","has-post-thumbnail","hentry"],"acf":[],"_links":{"self":[{"href":"https:\/\/my.qnproducts.digital\/fr\/wp-json\/wp\/v2\/pages\/1255","targetHints":{"allow":["GET"]}}],"collection":[{"href":"https:\/\/my.qnproducts.digital\/fr\/wp-json\/wp\/v2\/pages"}],"about":[{"href":"https:\/\/my.qnproducts.digital\/fr\/wp-json\/wp\/v2\/types\/page"}],"author":[{"embeddable":true,"href":"https:\/\/my.qnproducts.digital\/fr\/wp-json\/wp\/v2\/users\/2"}],"replies":[{"embeddable":true,"href":"https:\/\/my.qnproducts.digital\/fr\/wp-json\/wp\/v2\/comments?post=1255"}],"version-history":[{"count":0,"href":"https:\/\/my.qnproducts.digital\/fr\/wp-json\/wp\/v2\/pages\/1255\/revisions"}],"up":[{"embeddable":true,"href":"https:\/\/my.qnproducts.digital\/fr\/wp-json\/wp\/v2\/pages\/1252"}],"wp:featuredmedia":[{"embeddable":true,"href":"https:\/\/my.qnproducts.digital\/fr\/wp-json\/wp\/v2\/media\/843"}],"wp:attachment":[{"href":"https:\/\/my.qnproducts.digital\/fr\/wp-json\/wp\/v2\/media?parent=1255"}],"curies":[{"name":"wp","href":"https:\/\/api.w.org\/{rel}","templated":true}]}}