{"id":1234,"date":"2023-08-10T08:11:36","date_gmt":"2023-08-10T08:11:36","guid":{"rendered":"https:\/\/my.qnproducts.digital\/personal-care-and-beauty\/physio-radiance\/"},"modified":"2024-01-18T08:22:09","modified_gmt":"2024-01-18T08:22:09","slug":"physio-radiance","status":"publish","type":"page","link":"https:\/\/my.qnproducts.digital\/fr\/personal-care-and-beauty\/physio-radiance\/","title":{"rendered":"Physio Radiance"},"content":{"rendered":"<p>L&rsquo;AGE EN BONNE SANT\u00c9 AVEC PHYSIO RADIANCE<br \/>\nFaire une premi\u00e8re bonne impression ou booster sa confiance en soi, \u00eatre pr\u00e9sentable fait une vraie diff\u00e9rence. Prendre soin de soi repr\u00e9sente une vraie force et une r\u00e9elle valeur, ainsi que passer du temps \u00e0 des soins personnels avec amour.<\/p>\n","protected":false},"excerpt":{"rendered":"<p>L&rsquo;AGE EN BONNE SANT\u00c9 AVEC PHYSIO RADIANCE Faire une premi\u00e8re bonne impression ou booster sa confiance en soi, \u00eatre pr\u00e9sentable fait une vraie diff\u00e9rence. Prendre soin de soi repr\u00e9sente une vraie force et une r\u00e9elle valeur, ainsi que passer du temps \u00e0 des soins personnels avec amour.<\/p>\n","protected":false},"author":2,"featured_media":697,"parent":1228,"menu_order":0,"comment_status":"closed","ping_status":"closed","template":"","meta":{"_acf_changed":false,"_et_pb_use_builder":"","_et_pb_old_content":"","_et_gb_content_width":"","footnotes":""},"class_list":["post-1234","page","type-page","status-publish","has-post-thumbnail","hentry"],"acf":[],"_links":{"self":[{"href":"https:\/\/my.qnproducts.digital\/fr\/wp-json\/wp\/v2\/pages\/1234","targetHints":{"allow":["GET"]}}],"collection":[{"href":"https:\/\/my.qnproducts.digital\/fr\/wp-json\/wp\/v2\/pages"}],"about":[{"href":"https:\/\/my.qnproducts.digital\/fr\/wp-json\/wp\/v2\/types\/page"}],"author":[{"embeddable":true,"href":"https:\/\/my.qnproducts.digital\/fr\/wp-json\/wp\/v2\/users\/2"}],"replies":[{"embeddable":true,"href":"https:\/\/my.qnproducts.digital\/fr\/wp-json\/wp\/v2\/comments?post=1234"}],"version-history":[{"count":0,"href":"https:\/\/my.qnproducts.digital\/fr\/wp-json\/wp\/v2\/pages\/1234\/revisions"}],"up":[{"embeddable":true,"href":"https:\/\/my.qnproducts.digital\/fr\/wp-json\/wp\/v2\/pages\/1228"}],"wp:featuredmedia":[{"embeddable":true,"href":"https:\/\/my.qnproducts.digital\/fr\/wp-json\/wp\/v2\/media\/697"}],"wp:attachment":[{"href":"https:\/\/my.qnproducts.digital\/fr\/wp-json\/wp\/v2\/media?parent=1234"}],"curies":[{"name":"wp","href":"https:\/\/api.w.org\/{rel}","templated":true}]}}