{"id":1231,"date":"2023-08-16T12:13:59","date_gmt":"2023-08-16T12:13:59","guid":{"rendered":"https:\/\/my.qnproducts.digital\/personal-care-and-beauty\/biosilver\/"},"modified":"2024-01-18T08:27:18","modified_gmt":"2024-01-18T08:27:18","slug":"biosilver","status":"publish","type":"page","link":"https:\/\/my.qnproducts.digital\/fr\/personal-care-and-beauty\/biosilver\/","title":{"rendered":"BioSilver"},"content":{"rendered":"<p><strong>SOIN DE LA PEAU AVANC\u00c9 SILVERSOL TECHNOLOGY<\/strong><\/p>\n<p>Nos mains ne sont jamais assez bien nettoy\u00e9es. Elles touchent toutes sortes d&rsquo;objets puis nous touchons nos visages ou bien d&rsquo;autres surfaces, continuellement des microbes se r\u00e9pandent autour de nous. Dans un souci de contrecarrer la contamination \u00e0 laquelle nous sommes constamment expos\u00e9s, QNET reprend les propri\u00e9t\u00e9s scientifiques bienfaisantes de l&rsquo;argent pour cr\u00e9er BioSilver 22 Gel.<\/p>\n<p><strong>Protection quotidienne pour toute la famille<\/strong><\/p>\n<p>BioSilver 22 Gel utilise la SilverSol Technology\u00ae qui est scientifiquement prouv\u00e9e et exclusivement brevet\u00e9e pour combattre ce probl\u00e8me. C&rsquo;est \u00e0 avoir partout avec soi pour d\u00e9sinfecter les mains et le corps avec des propri\u00e9t\u00e9s antibact\u00e9riennes et antivirales qui prot\u00e8gent des microbes et des virus sans dess\u00e9cher la peau.<\/p>\n","protected":false},"excerpt":{"rendered":"<p>SOIN DE LA PEAU AVANC\u00c9 SILVERSOL TECHNOLOGY Nos mains ne sont jamais assez bien nettoy\u00e9es. Elles touchent toutes sortes d&rsquo;objets puis nous touchons nos visages ou bien d&rsquo;autres surfaces, continuellement des microbes se r\u00e9pandent autour de nous. Dans un souci de contrecarrer la contamination \u00e0 laquelle nous sommes constamment expos\u00e9s, QNET reprend les propri\u00e9t\u00e9s scientifiques [&hellip;]<\/p>\n","protected":false},"author":2,"featured_media":945,"parent":1228,"menu_order":0,"comment_status":"closed","ping_status":"closed","template":"","meta":{"_acf_changed":false,"_et_pb_use_builder":"off","_et_pb_old_content":"","_et_gb_content_width":"","footnotes":""},"class_list":["post-1231","page","type-page","status-publish","has-post-thumbnail","hentry"],"acf":[],"_links":{"self":[{"href":"https:\/\/my.qnproducts.digital\/fr\/wp-json\/wp\/v2\/pages\/1231","targetHints":{"allow":["GET"]}}],"collection":[{"href":"https:\/\/my.qnproducts.digital\/fr\/wp-json\/wp\/v2\/pages"}],"about":[{"href":"https:\/\/my.qnproducts.digital\/fr\/wp-json\/wp\/v2\/types\/page"}],"author":[{"embeddable":true,"href":"https:\/\/my.qnproducts.digital\/fr\/wp-json\/wp\/v2\/users\/2"}],"replies":[{"embeddable":true,"href":"https:\/\/my.qnproducts.digital\/fr\/wp-json\/wp\/v2\/comments?post=1231"}],"version-history":[{"count":0,"href":"https:\/\/my.qnproducts.digital\/fr\/wp-json\/wp\/v2\/pages\/1231\/revisions"}],"up":[{"embeddable":true,"href":"https:\/\/my.qnproducts.digital\/fr\/wp-json\/wp\/v2\/pages\/1228"}],"wp:featuredmedia":[{"embeddable":true,"href":"https:\/\/my.qnproducts.digital\/fr\/wp-json\/wp\/v2\/media\/945"}],"wp:attachment":[{"href":"https:\/\/my.qnproducts.digital\/fr\/wp-json\/wp\/v2\/media?parent=1231"}],"curies":[{"name":"wp","href":"https:\/\/api.w.org\/{rel}","templated":true}]}}