{"id":1219,"date":"2023-08-16T14:08:05","date_gmt":"2023-08-16T14:08:05","guid":{"rendered":"https:\/\/my.qnproducts.digital\/home-and-living\/homepure-nova-pi-plus\/"},"modified":"2024-01-18T08:31:14","modified_gmt":"2024-01-18T08:31:14","slug":"homepure-nova-pi-plus","status":"publish","type":"page","link":"https:\/\/my.qnproducts.digital\/fr\/home-and-living\/homepure-nova-pi-plus\/","title":{"rendered":"HomePure Nova Pi-Plus"},"content":{"rendered":"<p><strong>HomePure Nova Syst\u00e8me de filtration d&rsquo;eau<\/strong><br \/>\nAllez \u00e0 l&rsquo;\u00e9tape sup\u00e9rieure avec notre syst\u00e8me de filtration d&rsquo;eau en 9 \u00e9tapes de classe mondiale, maintenant il a 15% en plus de force d&rsquo;Eau-Pi. Donnez \u00e0 votre famille ce pr\u00e9sent d&rsquo;Eau-Pi pure, s\u00fbre et nourrissante.<\/p>\n<p><strong>Qu&rsquo;est-ce que l&rsquo;Eau-Pi ?<\/strong><br \/>\nD\u00e9couverte en 1964 par le Dr Akihiro Yamashita, l&rsquo;Eau-Pi est similaire \u00e0 l&rsquo;eau de notre organisme (eau vivante du corps). Elle aide le corps \u00e0 mieux absorber l&rsquo;oxyg\u00e8ne et les min\u00e9raux de l&rsquo;eau potable, stimule une r\u00e9ponse immunitaire positive et r\u00e9duit les radicaux libres.<\/p>\n<p>Maintenant, ce syst\u00e8me de filtration d&rsquo;eau aux meilleures ventes \u00e0 l&rsquo;internationale est am\u00e9lior\u00e9 avec une nouvelle cartouche de filtre 9-\u00e9tapes Pi-Plus boost\u00e9e de 15% de c\u00e9ramique d&rsquo;eau-Pi en plus. Cela signifie une meilleure absorption par le corps, des performances d&rsquo;Eau-Pi sup\u00e9rieures et des propri\u00e9t\u00e9s antioxydantes plus fortes.<\/p>\n","protected":false},"excerpt":{"rendered":"<p>HomePure Nova Syst\u00e8me de filtration d&rsquo;eau Allez \u00e0 l&rsquo;\u00e9tape sup\u00e9rieure avec notre syst\u00e8me de filtration d&rsquo;eau en 9 \u00e9tapes de classe mondiale, maintenant il a 15% en plus de force d&rsquo;Eau-Pi. Donnez \u00e0 votre famille ce pr\u00e9sent d&rsquo;Eau-Pi pure, s\u00fbre et nourrissante. Qu&rsquo;est-ce que l&rsquo;Eau-Pi ? D\u00e9couverte en 1964 par le Dr Akihiro Yamashita, l&rsquo;Eau-Pi [&hellip;]<\/p>\n","protected":false},"author":2,"featured_media":762,"parent":1213,"menu_order":0,"comment_status":"closed","ping_status":"closed","template":"","meta":{"_acf_changed":false,"_et_pb_use_builder":"","_et_pb_old_content":"","_et_gb_content_width":"","footnotes":""},"class_list":["post-1219","page","type-page","status-publish","has-post-thumbnail","hentry"],"acf":[],"_links":{"self":[{"href":"https:\/\/my.qnproducts.digital\/fr\/wp-json\/wp\/v2\/pages\/1219","targetHints":{"allow":["GET"]}}],"collection":[{"href":"https:\/\/my.qnproducts.digital\/fr\/wp-json\/wp\/v2\/pages"}],"about":[{"href":"https:\/\/my.qnproducts.digital\/fr\/wp-json\/wp\/v2\/types\/page"}],"author":[{"embeddable":true,"href":"https:\/\/my.qnproducts.digital\/fr\/wp-json\/wp\/v2\/users\/2"}],"replies":[{"embeddable":true,"href":"https:\/\/my.qnproducts.digital\/fr\/wp-json\/wp\/v2\/comments?post=1219"}],"version-history":[{"count":0,"href":"https:\/\/my.qnproducts.digital\/fr\/wp-json\/wp\/v2\/pages\/1219\/revisions"}],"up":[{"embeddable":true,"href":"https:\/\/my.qnproducts.digital\/fr\/wp-json\/wp\/v2\/pages\/1213"}],"wp:featuredmedia":[{"embeddable":true,"href":"https:\/\/my.qnproducts.digital\/fr\/wp-json\/wp\/v2\/media\/762"}],"wp:attachment":[{"href":"https:\/\/my.qnproducts.digital\/fr\/wp-json\/wp\/v2\/media?parent=1219"}],"curies":[{"name":"wp","href":"https:\/\/api.w.org\/{rel}","templated":true}]}}