{"id":1210,"date":"2023-08-16T13:54:16","date_gmt":"2023-08-16T13:54:16","guid":{"rendered":"https:\/\/my.qnproducts.digital\/holiday\/qvi-vacay\/"},"modified":"2024-01-18T08:37:09","modified_gmt":"2024-01-18T08:37:09","slug":"qvi-vacay","status":"publish","type":"page","link":"https:\/\/my.qnproducts.digital\/fr\/holiday\/qvi-vacay\/","title":{"rendered":"QVI Vacay"},"content":{"rendered":"<p><strong>Salut les vacances !<\/strong><br \/>\nLaissez le vent de l&rsquo;aventure vous mener vers des lieux magnifiques ! Enchantez-vous des avantages du voyage comme jamais auparavant, y compris des nuits remboursables, des tarifs sp\u00e9ciaux plus des r\u00e9ductions VIP, des coupons et des r\u00e9compenses de fin d&rsquo;ann\u00e9e. Tombez amoureux des villes, cr\u00e9ez des souvenirs particuliers tout en laissant l&#8217;empreinte de votre voyage derri\u00e8re vous. Vous pensez d\u00e9j\u00e0 \u00e0 une destination ? Explorez QVI Vacay et allez avec votre exp\u00e9rience du voyage \u00e0 l&rsquo;ETAPE SUPERIEURE.<\/p>\n","protected":false},"excerpt":{"rendered":"<p>Salut les vacances ! Laissez le vent de l&rsquo;aventure vous mener vers des lieux magnifiques ! Enchantez-vous des avantages du voyage comme jamais auparavant, y compris des nuits remboursables, des tarifs sp\u00e9ciaux plus des r\u00e9ductions VIP, des coupons et des r\u00e9compenses de fin d&rsquo;ann\u00e9e. Tombez amoureux des villes, cr\u00e9ez des souvenirs particuliers tout en laissant [&hellip;]<\/p>\n","protected":false},"author":2,"featured_media":747,"parent":1198,"menu_order":0,"comment_status":"closed","ping_status":"closed","template":"","meta":{"_acf_changed":false,"_et_pb_use_builder":"","_et_pb_old_content":"","_et_gb_content_width":"","footnotes":""},"class_list":["post-1210","page","type-page","status-publish","has-post-thumbnail","hentry"],"acf":[],"_links":{"self":[{"href":"https:\/\/my.qnproducts.digital\/fr\/wp-json\/wp\/v2\/pages\/1210","targetHints":{"allow":["GET"]}}],"collection":[{"href":"https:\/\/my.qnproducts.digital\/fr\/wp-json\/wp\/v2\/pages"}],"about":[{"href":"https:\/\/my.qnproducts.digital\/fr\/wp-json\/wp\/v2\/types\/page"}],"author":[{"embeddable":true,"href":"https:\/\/my.qnproducts.digital\/fr\/wp-json\/wp\/v2\/users\/2"}],"replies":[{"embeddable":true,"href":"https:\/\/my.qnproducts.digital\/fr\/wp-json\/wp\/v2\/comments?post=1210"}],"version-history":[{"count":0,"href":"https:\/\/my.qnproducts.digital\/fr\/wp-json\/wp\/v2\/pages\/1210\/revisions"}],"up":[{"embeddable":true,"href":"https:\/\/my.qnproducts.digital\/fr\/wp-json\/wp\/v2\/pages\/1198"}],"wp:featuredmedia":[{"embeddable":true,"href":"https:\/\/my.qnproducts.digital\/fr\/wp-json\/wp\/v2\/media\/747"}],"wp:attachment":[{"href":"https:\/\/my.qnproducts.digital\/fr\/wp-json\/wp\/v2\/media?parent=1210"}],"curies":[{"name":"wp","href":"https:\/\/api.w.org\/{rel}","templated":true}]}}