{"id":1207,"date":"2023-08-16T13:58:32","date_gmt":"2023-08-16T13:58:32","guid":{"rendered":"https:\/\/my.qnproducts.digital\/holiday\/qvi-tripsavr\/"},"modified":"2024-01-18T09:01:20","modified_gmt":"2024-01-18T09:01:20","slug":"qvi-tripsavr","status":"publish","type":"page","link":"https:\/\/my.qnproducts.digital\/fr\/holiday\/qvi-tripsavr\/","title":{"rendered":"QVI Tripsavr"},"content":{"rendered":"<p><strong>Sentir le voyage. Cr\u00e9er des souvenir inoubliables !<\/strong><br \/>\nOuvrir l&rsquo;esprit et enrichir la vie avec des doux souvenirs d\u00e9licieux. Rejoignez le club pour commencer \u00e0 organiser votre voyage et profiter de plus de 1000 h\u00f4tels et complexes h\u00f4teliers \u00e0 travers le monde. Bloquez le prix d&rsquo;aujourd&rsquo;hui pour l&rsquo;avenir et engagez-vous \u00e0 partir en vacances tous les ans.<\/p>\n","protected":false},"excerpt":{"rendered":"<p>Sentir le voyage. Cr\u00e9er des souvenir inoubliables ! Ouvrir l&rsquo;esprit et enrichir la vie avec des doux souvenirs d\u00e9licieux. Rejoignez le club pour commencer \u00e0 organiser votre voyage et profiter de plus de 1000 h\u00f4tels et complexes h\u00f4teliers \u00e0 travers le monde. Bloquez le prix d&rsquo;aujourd&rsquo;hui pour l&rsquo;avenir et engagez-vous \u00e0 partir en vacances tous [&hellip;]<\/p>\n","protected":false},"author":2,"featured_media":732,"parent":1198,"menu_order":0,"comment_status":"closed","ping_status":"closed","template":"","meta":{"_acf_changed":false,"_et_pb_use_builder":"","_et_pb_old_content":"","_et_gb_content_width":"","footnotes":""},"class_list":["post-1207","page","type-page","status-publish","has-post-thumbnail","hentry"],"acf":[],"_links":{"self":[{"href":"https:\/\/my.qnproducts.digital\/fr\/wp-json\/wp\/v2\/pages\/1207","targetHints":{"allow":["GET"]}}],"collection":[{"href":"https:\/\/my.qnproducts.digital\/fr\/wp-json\/wp\/v2\/pages"}],"about":[{"href":"https:\/\/my.qnproducts.digital\/fr\/wp-json\/wp\/v2\/types\/page"}],"author":[{"embeddable":true,"href":"https:\/\/my.qnproducts.digital\/fr\/wp-json\/wp\/v2\/users\/2"}],"replies":[{"embeddable":true,"href":"https:\/\/my.qnproducts.digital\/fr\/wp-json\/wp\/v2\/comments?post=1207"}],"version-history":[{"count":0,"href":"https:\/\/my.qnproducts.digital\/fr\/wp-json\/wp\/v2\/pages\/1207\/revisions"}],"up":[{"embeddable":true,"href":"https:\/\/my.qnproducts.digital\/fr\/wp-json\/wp\/v2\/pages\/1198"}],"wp:featuredmedia":[{"embeddable":true,"href":"https:\/\/my.qnproducts.digital\/fr\/wp-json\/wp\/v2\/media\/732"}],"wp:attachment":[{"href":"https:\/\/my.qnproducts.digital\/fr\/wp-json\/wp\/v2\/media?parent=1207"}],"curies":[{"name":"wp","href":"https:\/\/api.w.org\/{rel}","templated":true}]}}