{"id":1204,"date":"2023-08-16T13:56:51","date_gmt":"2023-08-16T13:56:51","guid":{"rendered":"https:\/\/my.qnproducts.digital\/holiday\/qvi-club\/"},"modified":"2024-01-18T09:02:50","modified_gmt":"2024-01-18T09:02:50","slug":"qvi-club","status":"publish","type":"page","link":"https:\/\/my.qnproducts.digital\/fr\/holiday\/qvi-club\/","title":{"rendered":"QVI Club"},"content":{"rendered":"<p><strong>R\u00e9servez. Economisez. Gagnez. Agissez.<\/strong><br \/>\nUne plateforme unique de r\u00e9servation qui propose d&rsquo;excellentes r\u00e9ductions sur chacun de vos voyages. Acc\u00e9dez \u00e0 plus de 1,3 million d&rsquo;h\u00f4tels et complexes h\u00f4teliers, plus de 30.000 entreprises de location de voitures et 400.000 activit\u00e9s pour rehausser vos vacances. Economisez beaucoup et gagnez encore plus tout en d\u00e9couvrant le monde.<\/p>\n","protected":false},"excerpt":{"rendered":"<p>R\u00e9servez. Economisez. Gagnez. Agissez. Une plateforme unique de r\u00e9servation qui propose d&rsquo;excellentes r\u00e9ductions sur chacun de vos voyages. Acc\u00e9dez \u00e0 plus de 1,3 million d&rsquo;h\u00f4tels et complexes h\u00f4teliers, plus de 30.000 entreprises de location de voitures et 400.000 activit\u00e9s pour rehausser vos vacances. Economisez beaucoup et gagnez encore plus tout en d\u00e9couvrant le monde.<\/p>\n","protected":false},"author":2,"featured_media":742,"parent":1198,"menu_order":0,"comment_status":"closed","ping_status":"closed","template":"","meta":{"_acf_changed":false,"_et_pb_use_builder":"","_et_pb_old_content":"","_et_gb_content_width":"","footnotes":""},"class_list":["post-1204","page","type-page","status-publish","has-post-thumbnail","hentry"],"acf":[],"_links":{"self":[{"href":"https:\/\/my.qnproducts.digital\/fr\/wp-json\/wp\/v2\/pages\/1204","targetHints":{"allow":["GET"]}}],"collection":[{"href":"https:\/\/my.qnproducts.digital\/fr\/wp-json\/wp\/v2\/pages"}],"about":[{"href":"https:\/\/my.qnproducts.digital\/fr\/wp-json\/wp\/v2\/types\/page"}],"author":[{"embeddable":true,"href":"https:\/\/my.qnproducts.digital\/fr\/wp-json\/wp\/v2\/users\/2"}],"replies":[{"embeddable":true,"href":"https:\/\/my.qnproducts.digital\/fr\/wp-json\/wp\/v2\/comments?post=1204"}],"version-history":[{"count":0,"href":"https:\/\/my.qnproducts.digital\/fr\/wp-json\/wp\/v2\/pages\/1204\/revisions"}],"up":[{"embeddable":true,"href":"https:\/\/my.qnproducts.digital\/fr\/wp-json\/wp\/v2\/pages\/1198"}],"wp:featuredmedia":[{"embeddable":true,"href":"https:\/\/my.qnproducts.digital\/fr\/wp-json\/wp\/v2\/media\/742"}],"wp:attachment":[{"href":"https:\/\/my.qnproducts.digital\/fr\/wp-json\/wp\/v2\/media?parent=1204"}],"curies":[{"name":"wp","href":"https:\/\/api.w.org\/{rel}","templated":true}]}}