{"id":1201,"date":"2023-08-16T13:57:36","date_gmt":"2023-08-16T13:57:36","guid":{"rendered":"https:\/\/my.qnproducts.digital\/holiday\/qvi-breaks\/"},"modified":"2024-01-18T08:44:27","modified_gmt":"2024-01-18T08:44:27","slug":"qvi-breaks","status":"publish","type":"page","link":"https:\/\/my.qnproducts.digital\/fr\/holiday\/qvi-breaks\/","title":{"rendered":"QVI Breaks"},"content":{"rendered":"<p><strong>Pr\u00eats \u00e0 craquer, vive la libert\u00e9 !<\/strong><br \/>\nFaire une pause pour remodeler sa vie et se d\u00e9tendre. Avec un acc\u00e8s \u00e0 plus de 1000 h\u00f4tels et complexes h\u00f4teliers dans le monde. QVI Breaks est l\u00e0 pour vous aider \u00e0 planifier vos escapades rapidement. Choisissez entre des s\u00e9jours de 3 \u00e0 14 nuits si vous souhaitez tirer le meilleur parti des br\u00e8ves vacances. Voyagez pour vous d\u00e9tendre, pour vous ressourcer et vous retrouver.<\/p>\n","protected":false},"excerpt":{"rendered":"<p>Pr\u00eats \u00e0 craquer, vive la libert\u00e9 ! Faire une pause pour remodeler sa vie et se d\u00e9tendre. Avec un acc\u00e8s \u00e0 plus de 1000 h\u00f4tels et complexes h\u00f4teliers dans le monde. QVI Breaks est l\u00e0 pour vous aider \u00e0 planifier vos escapades rapidement. Choisissez entre des s\u00e9jours de 3 \u00e0 14 nuits si vous souhaitez [&hellip;]<\/p>\n","protected":false},"author":2,"featured_media":737,"parent":1198,"menu_order":0,"comment_status":"closed","ping_status":"closed","template":"","meta":{"_acf_changed":false,"_et_pb_use_builder":"","_et_pb_old_content":"","_et_gb_content_width":"","footnotes":""},"class_list":["post-1201","page","type-page","status-publish","has-post-thumbnail","hentry"],"acf":[],"_links":{"self":[{"href":"https:\/\/my.qnproducts.digital\/fr\/wp-json\/wp\/v2\/pages\/1201","targetHints":{"allow":["GET"]}}],"collection":[{"href":"https:\/\/my.qnproducts.digital\/fr\/wp-json\/wp\/v2\/pages"}],"about":[{"href":"https:\/\/my.qnproducts.digital\/fr\/wp-json\/wp\/v2\/types\/page"}],"author":[{"embeddable":true,"href":"https:\/\/my.qnproducts.digital\/fr\/wp-json\/wp\/v2\/users\/2"}],"replies":[{"embeddable":true,"href":"https:\/\/my.qnproducts.digital\/fr\/wp-json\/wp\/v2\/comments?post=1201"}],"version-history":[{"count":0,"href":"https:\/\/my.qnproducts.digital\/fr\/wp-json\/wp\/v2\/pages\/1201\/revisions"}],"up":[{"embeddable":true,"href":"https:\/\/my.qnproducts.digital\/fr\/wp-json\/wp\/v2\/pages\/1198"}],"wp:featuredmedia":[{"embeddable":true,"href":"https:\/\/my.qnproducts.digital\/fr\/wp-json\/wp\/v2\/media\/737"}],"wp:attachment":[{"href":"https:\/\/my.qnproducts.digital\/fr\/wp-json\/wp\/v2\/media?parent=1201"}],"curies":[{"name":"wp","href":"https:\/\/api.w.org\/{rel}","templated":true}]}}