{"id":1195,"date":"2023-08-10T07:40:43","date_gmt":"2023-08-10T07:40:43","guid":{"rendered":"https:\/\/my.qnproducts.digital\/health\/lifeqode\/"},"modified":"2024-01-18T08:16:37","modified_gmt":"2024-01-18T08:16:37","slug":"lifeqode","status":"publish","type":"page","link":"https:\/\/my.qnproducts.digital\/fr\/health\/lifeqode\/","title":{"rendered":"LifeQode"},"content":{"rendered":"<p>Avec LifeQode, nous avons la mission de vous donner les moyens de vivre le meilleur de votre vie par des compl\u00e9ments alimentaires m\u00e9ticuleusement faits. Nos produits de qualit\u00e9 sont con\u00e7us pour renforcer l\u2019immunit\u00e9, revigorer la jeunesse, soutenir la gestion du poids et favoriser la vitalit\u00e9. Nous utilisons des ingr\u00e9dients brevet\u00e9s et choisis avec soin, bas\u00e9s sur des recherches scientifiques rigoureuses pour cr\u00e9er des compl\u00e9ments qui donnent de vrais r\u00e9sultats. Avec LifeQode, vous pouvez \u00eatre s\u00fbrs que votre parcours vers une vie plus saine et plus dynamique est dans les mains d\u2019experts. \u00c9levez votre vie par le bien-\u00eatre par la science avec les produits LifeQode d\u00e8s aujourd\u2019hui !<\/p>\n","protected":false},"excerpt":{"rendered":"<p>Avec LifeQode, nous avons la mission de vous donner les moyens de vivre le meilleur de votre vie par des compl\u00e9ments alimentaires m\u00e9ticuleusement faits. Nos produits de qualit\u00e9 sont con\u00e7us pour renforcer l\u2019immunit\u00e9, revigorer la jeunesse, soutenir la gestion du poids et favoriser la vitalit\u00e9. Nous utilisons des ingr\u00e9dients brevet\u00e9s et choisis avec soin, bas\u00e9s [&hellip;]<\/p>\n","protected":false},"author":2,"featured_media":1008,"parent":1180,"menu_order":0,"comment_status":"closed","ping_status":"closed","template":"","meta":{"_acf_changed":false,"_et_pb_use_builder":"","_et_pb_old_content":"","_et_gb_content_width":"","footnotes":""},"class_list":["post-1195","page","type-page","status-publish","has-post-thumbnail","hentry"],"acf":[],"_links":{"self":[{"href":"https:\/\/my.qnproducts.digital\/fr\/wp-json\/wp\/v2\/pages\/1195","targetHints":{"allow":["GET"]}}],"collection":[{"href":"https:\/\/my.qnproducts.digital\/fr\/wp-json\/wp\/v2\/pages"}],"about":[{"href":"https:\/\/my.qnproducts.digital\/fr\/wp-json\/wp\/v2\/types\/page"}],"author":[{"embeddable":true,"href":"https:\/\/my.qnproducts.digital\/fr\/wp-json\/wp\/v2\/users\/2"}],"replies":[{"embeddable":true,"href":"https:\/\/my.qnproducts.digital\/fr\/wp-json\/wp\/v2\/comments?post=1195"}],"version-history":[{"count":0,"href":"https:\/\/my.qnproducts.digital\/fr\/wp-json\/wp\/v2\/pages\/1195\/revisions"}],"up":[{"embeddable":true,"href":"https:\/\/my.qnproducts.digital\/fr\/wp-json\/wp\/v2\/pages\/1180"}],"wp:featuredmedia":[{"embeddable":true,"href":"https:\/\/my.qnproducts.digital\/fr\/wp-json\/wp\/v2\/media\/1008"}],"wp:attachment":[{"href":"https:\/\/my.qnproducts.digital\/fr\/wp-json\/wp\/v2\/media?parent=1195"}],"curies":[{"name":"wp","href":"https:\/\/api.w.org\/{rel}","templated":true}]}}