{"id":1192,"date":"2023-08-16T11:58:50","date_gmt":"2023-08-16T11:58:50","guid":{"rendered":"https:\/\/my.qnproducts.digital\/health\/kenta\/"},"modified":"2024-01-18T08:20:34","modified_gmt":"2024-01-18T08:20:34","slug":"kenta","status":"publish","type":"page","link":"https:\/\/my.qnproducts.digital\/fr\/health\/kenta\/","title":{"rendered":"Kenta"},"content":{"rendered":"<p><strong>D\u00e9voilez le secret de la sant\u00e9 &amp; de la long\u00e9vit\u00e9<\/strong><br \/>\nKenta est une formule alimentaire narturelle et d\u00e9licieuse inspir\u00e9e du r\u00e9gime Okinawa du &lsquo;Village de la Longue Vie&rsquo; au Japon. Les habitants l\u00e0-bas sont parmi ceux qui vivent en meilleure sant\u00e9, ils ont la plus longue vie sur la plan\u00e8te. Les habitants d&rsquo;Okinawa ont trois fois plus de chance de vivre au-del\u00e0 de l&rsquo;\u00e2ge de 100 ans, deux fois mois de taux de d\u00e9mence chez les personnes \u00e2g\u00e9es et significativement moins de taux de mortalit\u00e9 \u00e0 cause de maladies cardiovasculaires et de cancers que les Am\u00e9ricains du m\u00eame \u00e2ge.<br \/>\nNos tests rigoureux ont d\u00e9montr\u00e9 que Kenta stimule les marqueurs anti-\u00e2ge jusqu&rsquo;\u00e0 121,8% en aussi peu de temps que 30 jours &#8211; c&rsquo;est nettement sup\u00e9rieur aux alternatives similaires sur le march\u00e9.<\/p>\n<p><strong>Kenta : Des bienfaits pour tout le corps<\/strong><br \/>\n&#8211; Des os en meilleure sant\u00e9<br \/>\n&#8211; Des risques r\u00e9duits de maladies cardiovasculaires<br \/>\n&#8211; Un profil hormonal mieux \u00e9quilibr\u00e9<br \/>\n&#8211; R\u00e9duction des sympt\u00f4mes de la m\u00e9nopause<br \/>\n&#8211; Une peau plus ferme et mieux hydrat\u00e9e<br \/>\n&#8211; Une plus belle texture des cheveux et une croissance capilaire renforc\u00e9e<\/p>\n","protected":false},"excerpt":{"rendered":"<p>D\u00e9voilez le secret de la sant\u00e9 &amp; de la long\u00e9vit\u00e9 Kenta est une formule alimentaire narturelle et d\u00e9licieuse inspir\u00e9e du r\u00e9gime Okinawa du &lsquo;Village de la Longue Vie&rsquo; au Japon. Les habitants l\u00e0-bas sont parmi ceux qui vivent en meilleure sant\u00e9, ils ont la plus longue vie sur la plan\u00e8te. Les habitants d&rsquo;Okinawa ont trois [&hellip;]<\/p>\n","protected":false},"author":2,"featured_media":1003,"parent":1180,"menu_order":0,"comment_status":"closed","ping_status":"closed","template":"","meta":{"_acf_changed":false,"_et_pb_use_builder":"","_et_pb_old_content":"","_et_gb_content_width":"","footnotes":""},"class_list":["post-1192","page","type-page","status-publish","has-post-thumbnail","hentry"],"acf":[],"_links":{"self":[{"href":"https:\/\/my.qnproducts.digital\/fr\/wp-json\/wp\/v2\/pages\/1192","targetHints":{"allow":["GET"]}}],"collection":[{"href":"https:\/\/my.qnproducts.digital\/fr\/wp-json\/wp\/v2\/pages"}],"about":[{"href":"https:\/\/my.qnproducts.digital\/fr\/wp-json\/wp\/v2\/types\/page"}],"author":[{"embeddable":true,"href":"https:\/\/my.qnproducts.digital\/fr\/wp-json\/wp\/v2\/users\/2"}],"replies":[{"embeddable":true,"href":"https:\/\/my.qnproducts.digital\/fr\/wp-json\/wp\/v2\/comments?post=1192"}],"version-history":[{"count":0,"href":"https:\/\/my.qnproducts.digital\/fr\/wp-json\/wp\/v2\/pages\/1192\/revisions"}],"up":[{"embeddable":true,"href":"https:\/\/my.qnproducts.digital\/fr\/wp-json\/wp\/v2\/pages\/1180"}],"wp:featuredmedia":[{"embeddable":true,"href":"https:\/\/my.qnproducts.digital\/fr\/wp-json\/wp\/v2\/media\/1003"}],"wp:attachment":[{"href":"https:\/\/my.qnproducts.digital\/fr\/wp-json\/wp\/v2\/media?parent=1192"}],"curies":[{"name":"wp","href":"https:\/\/api.w.org\/{rel}","templated":true}]}}